{"id":997,"date":"2022-07-13T10:52:54","date_gmt":"2022-07-13T10:52:54","guid":{"rendered":"https:\/\/apropgestions.com\/servicios\/gestion-de-comunidades-de-propietarios\/"},"modified":"2024-02-27T11:17:49","modified_gmt":"2024-02-27T11:17:49","slug":"gestion-de-comunidades-de-propietarios","status":"publish","type":"page","link":"https:\/\/apropgestions.com\/es\/servicios\/gestion-de-comunidades-de-propietarios\/","title":{"rendered":"Gesti\u00f3n de Comunidades de Propietarios"},"content":{"rendered":"\t\t<div data-elementor-type=\"wp-page\" data-elementor-id=\"997\" class=\"elementor elementor-997 elementor-67\" data-elementor-post-type=\"page\">\n\t\t\t\t\t\t<section class=\"elementor-section elementor-top-section elementor-element elementor-element-24f4d02 elementor-section-full_width elementor-section-height-default elementor-section-height-default\" data-id=\"24f4d02\" data-element_type=\"section\" data-e-type=\"section\">\n\t\t\t\t\t\t<div class=\"elementor-container elementor-column-gap-no\">\n\t\t\t\t\t<div class=\"elementor-column elementor-col-100 elementor-top-column elementor-element elementor-element-101752d\" data-id=\"101752d\" data-element_type=\"column\" data-e-type=\"column\">\n\t\t\t<div class=\"elementor-widget-wrap elementor-element-populated\">\n\t\t\t\t\t\t<div class=\"elementor-element elementor-element-264f9bf elementor-widget elementor-widget-image\" data-id=\"264f9bf\" data-element_type=\"widget\" data-e-type=\"widget\" data-widget_type=\"image.default\">\n\t\t\t\t<div class=\"elementor-widget-container\">\n\t\t\t\t\t\t\t\t\t\t\t\t\t\t\t<img fetchpriority=\"high\" decoding=\"async\" width=\"1800\" height=\"501\" src=\"https:\/\/apropgestions.com\/wp-content\/uploads\/2024\/02\/Comunitats-Aprop-Gestions.jpg\" class=\"attachment-full size-full wp-image-826\" alt=\"\" srcset=\"https:\/\/apropgestions.com\/wp-content\/uploads\/2024\/02\/Comunitats-Aprop-Gestions.jpg 1800w, https:\/\/apropgestions.com\/wp-content\/uploads\/2024\/02\/Comunitats-Aprop-Gestions-300x84.jpg 300w, https:\/\/apropgestions.com\/wp-content\/uploads\/2024\/02\/Comunitats-Aprop-Gestions-1024x285.jpg 1024w, https:\/\/apropgestions.com\/wp-content\/uploads\/2024\/02\/Comunitats-Aprop-Gestions-768x214.jpg 768w, https:\/\/apropgestions.com\/wp-content\/uploads\/2024\/02\/Comunitats-Aprop-Gestions-1536x428.jpg 1536w\" sizes=\"(max-width: 1800px) 100vw, 1800px\" \/>\t\t\t\t\t\t\t\t\t\t\t\t\t\t\t<\/div>\n\t\t\t\t<\/div>\n\t\t\t\t\t<\/div>\n\t\t<\/div>\n\t\t\t\t\t<\/div>\n\t\t<\/section>\n\t\t\t\t<section class=\"elementor-section elementor-top-section elementor-element elementor-element-117c9a3 elementor-section-boxed elementor-section-height-default elementor-section-height-default\" data-id=\"117c9a3\" data-element_type=\"section\" data-e-type=\"section\">\n\t\t\t\t\t\t<div class=\"elementor-container elementor-column-gap-default\">\n\t\t\t\t\t<div class=\"elementor-column elementor-col-100 elementor-top-column elementor-element elementor-element-15391fb\" data-id=\"15391fb\" data-element_type=\"column\" data-e-type=\"column\">\n\t\t\t<div class=\"elementor-widget-wrap elementor-element-populated\">\n\t\t\t\t\t\t<div class=\"elementor-element elementor-element-0c0146d elementor-widget elementor-widget-heading\" data-id=\"0c0146d\" data-element_type=\"widget\" data-e-type=\"widget\" data-widget_type=\"heading.default\">\n\t\t\t\t<div class=\"elementor-widget-container\">\n\t\t\t\t\t<h2 class=\"elementor-heading-title elementor-size-default\">Gesti\u00f3n de comunidades de propietarios<\/h2>\t\t\t\t<\/div>\n\t\t\t\t<\/div>\n\t\t\t\t\t<\/div>\n\t\t<\/div>\n\t\t\t\t\t<\/div>\n\t\t<\/section>\n\t\t\t\t<section class=\"elementor-section elementor-top-section elementor-element elementor-element-6b39ba9 elementor-section-boxed elementor-section-height-default elementor-section-height-default\" data-id=\"6b39ba9\" data-element_type=\"section\" data-e-type=\"section\">\n\t\t\t\t\t\t<div class=\"elementor-container elementor-column-gap-default\">\n\t\t\t\t\t<div class=\"elementor-column elementor-col-33 elementor-top-column elementor-element elementor-element-3373ed3\" data-id=\"3373ed3\" data-element_type=\"column\" data-e-type=\"column\">\n\t\t\t<div class=\"elementor-widget-wrap elementor-element-populated\">\n\t\t\t\t\t\t<div class=\"elementor-element elementor-element-d701adf elementor-widget elementor-widget-image\" data-id=\"d701adf\" data-element_type=\"widget\" data-e-type=\"widget\" data-widget_type=\"image.default\">\n\t\t\t\t<div class=\"elementor-widget-container\">\n\t\t\t\t\t\t\t\t\t\t\t\t\t\t\t<img decoding=\"async\" width=\"150\" height=\"150\" src=\"https:\/\/apropgestions.com\/wp-content\/uploads\/2023\/08\/logo-trans-aprop-150x150.png\" class=\"attachment-thumbnail size-thumbnail wp-image-397\" alt=\"\" srcset=\"https:\/\/apropgestions.com\/wp-content\/uploads\/2023\/08\/logo-trans-aprop-150x150.png 150w, https:\/\/apropgestions.com\/wp-content\/uploads\/2023\/08\/logo-trans-aprop-300x300.png 300w, https:\/\/apropgestions.com\/wp-content\/uploads\/2023\/08\/logo-trans-aprop-768x767.png 768w, https:\/\/apropgestions.com\/wp-content\/uploads\/2023\/08\/logo-trans-aprop.png 906w\" sizes=\"(max-width: 150px) 100vw, 150px\" \/>\t\t\t\t\t\t\t\t\t\t\t\t\t\t\t<\/div>\n\t\t\t\t<\/div>\n\t\t\t\t\t<\/div>\n\t\t<\/div>\n\t\t\t\t<div class=\"elementor-column elementor-col-66 elementor-top-column elementor-element elementor-element-af38f00\" data-id=\"af38f00\" data-element_type=\"column\" data-e-type=\"column\">\n\t\t\t<div class=\"elementor-widget-wrap elementor-element-populated\">\n\t\t\t\t\t\t<div class=\"elementor-element elementor-element-56fe260 elementor-widget elementor-widget-text-editor\" data-id=\"56fe260\" data-element_type=\"widget\" data-e-type=\"widget\" data-widget_type=\"text-editor.default\">\n\t\t\t\t<div class=\"elementor-widget-container\">\n\t\t\t\t\t\t\t\t\t<p>APROP ofrece un servicio integral en la Administraci\u00f3n de las Comunidades de Propietarios y cuenta con una larga experiencia en este sector. <\/p>\n<p>Actualmente trabaja con un importante n\u00famero de comunidades en Figueres y comarca.<\/p>\n<p><span style=\"text-align: start;\">APROP est\u00e1 con su Comunidad de Propietarios en todos aquellos procesos esenciales para su correcta gesti\u00f3n y administraci\u00f3n:<\/span><\/p>\n\t\t\t\t\t\t\t\t<\/div>\n\t\t\t\t<\/div>\n\t\t\t\t\t<\/div>\n\t\t<\/div>\n\t\t\t\t\t<\/div>\n\t\t<\/section>\n\t\t\t\t<section class=\"elementor-section elementor-top-section elementor-element elementor-element-9657116 elementor-section-boxed elementor-section-height-default elementor-section-height-default\" data-id=\"9657116\" data-element_type=\"section\" data-e-type=\"section\">\n\t\t\t\t\t\t<div class=\"elementor-container elementor-column-gap-default\">\n\t\t\t\t\t<div class=\"elementor-column elementor-col-33 elementor-top-column elementor-element elementor-element-f28c4eb\" data-id=\"f28c4eb\" data-element_type=\"column\" data-e-type=\"column\">\n\t\t\t<div class=\"elementor-widget-wrap elementor-element-populated\">\n\t\t\t\t\t\t<div class=\"elementor-element elementor-element-a2c3f87 elementor-widget__width-auto elementor-widget elementor-widget-image\" data-id=\"a2c3f87\" data-element_type=\"widget\" data-e-type=\"widget\" data-widget_type=\"image.default\">\n\t\t\t\t<div class=\"elementor-widget-container\">\n\t\t\t\t\t\t\t\t\t\t\t\t\t\t\t<img decoding=\"async\" width=\"470\" height=\"600\" src=\"https:\/\/apropgestions.com\/wp-content\/uploads\/2023\/11\/Gestio-comunitats.jpg\" class=\"attachment-full size-full wp-image-553\" alt=\"\" srcset=\"https:\/\/apropgestions.com\/wp-content\/uploads\/2023\/11\/Gestio-comunitats.jpg 470w, https:\/\/apropgestions.com\/wp-content\/uploads\/2023\/11\/Gestio-comunitats-235x300.jpg 235w\" sizes=\"(max-width: 470px) 100vw, 470px\" \/>\t\t\t\t\t\t\t\t\t\t\t\t\t\t\t<\/div>\n\t\t\t\t<\/div>\n\t\t\t\t\t<\/div>\n\t\t<\/div>\n\t\t\t\t<div class=\"elementor-column elementor-col-33 elementor-top-column elementor-element elementor-element-733ec11\" data-id=\"733ec11\" data-element_type=\"column\" data-e-type=\"column\">\n\t\t\t<div class=\"elementor-widget-wrap elementor-element-populated\">\n\t\t\t\t\t\t<div class=\"elementor-element elementor-element-b24b459 elementor-widget elementor-widget-text-editor\" data-id=\"b24b459\" data-element_type=\"widget\" data-e-type=\"widget\" data-widget_type=\"text-editor.default\">\n\t\t\t\t<div class=\"elementor-widget-container\">\n\t\t\t\t\t\t\t\t\t<p>&#8211; Constituimos la comunidad de propietarios<\/p>\n<p>&#8211; Gestionamos el d\u00eda a d\u00eda en todos aquellos aspectos administrativos, contables y de gesti\u00f3n.<\/p>\n<p>&#8211; Estudiamos, planificamos y confeccionamos, junto con su comunidad, el presupuesto de funcionamiento m\u00e1s ajustado, econ\u00f3mico y adecuado a las necesidades de su edificio.<\/p>\n<p>&#8211; Exponemos la situaci\u00f3n econ\u00f3mica y financiera de la comunidad de forma clara y comprensible frente a todos los vecinos con la periodicidad acordada y remitiendo informes de seguimiento a la presidencia al menos una vez al mes.<\/p>\n<p>&#8211; Contactamos con los mejores profesionales en relaci\u00f3n con su calidad y precio en los mantenimientos, servicios o reparaciones que necesite su propiedad, y siempre de acuerdo y previa aceptaci\u00f3n de la mayor\u00eda de vecinos. APROP exige responsabilidad, calidad y seriedad, por eso conf\u00eda en los mejores industriales para asegurar el \u00f3ptimo estado de conservaci\u00f3n de su propiedad.<\/p><\/p>\n\t\t\t\t\t\t\t\t<\/div>\n\t\t\t\t<\/div>\n\t\t\t\t\t<\/div>\n\t\t<\/div>\n\t\t\t\t<div class=\"elementor-column elementor-col-33 elementor-top-column elementor-element elementor-element-0c64096\" data-id=\"0c64096\" data-element_type=\"column\" data-e-type=\"column\">\n\t\t\t<div class=\"elementor-widget-wrap elementor-element-populated\">\n\t\t\t\t\t\t<div class=\"elementor-element elementor-element-ac0ea24 elementor-widget elementor-widget-text-editor\" data-id=\"ac0ea24\" data-element_type=\"widget\" data-e-type=\"widget\" data-widget_type=\"text-editor.default\">\n\t\t\t\t<div class=\"elementor-widget-container\">\n\t\t\t\t\t\t\t\t\t<p>&#8211; Efectuamos el seguimiento y control de la morosidad en la comunidad, aportamos soluciones y estrategias para su recobro y asesoramos en el caso de tener que iniciar acciones judiciales.<\/p>\n<p>&#8211; Analizamos cada partida de gasto del presupuesto para encontrar la opci\u00f3n m\u00e1s econ\u00f3mica, disponemos de convenios con entidades bancarias, entidades aseguradoras y empresas de suministro que nos permiten ofrecer el mejor precio con el mejor servicio.<\/p>\n<p>&#8211; La formaci\u00f3n constante de nuestro personal y las herramientas inform\u00e1ticas m\u00e1s modernas y adaptadas a la gesti\u00f3n de las comunidades de propietarios nos permiten alcanzar los m\u00e1s altos niveles de calidad y satisfacci\u00f3n para nuestros clientes conjuntamente con la garant\u00eda de m\u00ednimo coste.<\/p>\n<p>&#8211; Fomentamos la participaci\u00f3n de los vecinos en la toma de decisiones de la comunidad, implicando a cada propietario\/a en el desarrollo comunitario, a la vez que promovemos la interrelaci\u00f3n de la comunidad con sus redes sociales m\u00e1s cercanas: asociaciones vecinales, distritos, consejo de ciudad, establecimientos de la zona, etc.<\/p>\n<p>&#8211; Aportamos soluciones a cada propietario para que disponga de las mejores opciones del mercado en \u00e1mbitos como el seguro del hogar, los mejores profesionales para el mantenimiento y conservaci\u00f3n de su vivienda y siempre con su justo precio.<\/p>\n\t\t\t\t\t\t\t\t<\/div>\n\t\t\t\t<\/div>\n\t\t\t\t\t<\/div>\n\t\t<\/div>\n\t\t\t\t\t<\/div>\n\t\t<\/section>\n\t\t\t\t<section class=\"elementor-section elementor-top-section elementor-element elementor-element-f8e61e6 elementor-section-boxed elementor-section-height-default elementor-section-height-default\" data-id=\"f8e61e6\" data-element_type=\"section\" data-e-type=\"section\">\n\t\t\t\t\t\t<div class=\"elementor-container elementor-column-gap-default\">\n\t\t\t\t\t<div class=\"elementor-column elementor-col-100 elementor-top-column elementor-element elementor-element-7c4a626\" data-id=\"7c4a626\" data-element_type=\"column\" data-e-type=\"column\">\n\t\t\t<div class=\"elementor-widget-wrap\">\n\t\t\t\t\t\t\t<\/div>\n\t\t<\/div>\n\t\t\t\t\t<\/div>\n\t\t<\/section>\n\t\t\t\t<\/div>\n\t\t","protected":false},"excerpt":{"rendered":"<p>Gesti\u00f3n de comunidades de propietarios APROP ofrece un servicio integral en la Administraci\u00f3n de las Comunidades de Propietarios y cuenta con una larga experiencia en este sector. Actualmente trabaja con un importante n\u00famero de comunidades en Figueres y comarca. APROP est\u00e1 con su Comunidad de Propietarios en todos aquellos procesos esenciales para su correcta gesti\u00f3n &#8230; <a title=\"Gesti\u00f3n de Comunidades de Propietarios\" class=\"read-more\" href=\"https:\/\/apropgestions.com\/es\/servicios\/gestion-de-comunidades-de-propietarios\/\" aria-label=\"Leer m\u00e1s sobre Gesti\u00f3n de Comunidades de Propietarios\">Leer m\u00e1s<\/a><\/p>\n","protected":false},"author":1,"featured_media":0,"parent":995,"menu_order":0,"comment_status":"closed","ping_status":"closed","template":"","meta":{"footnotes":""},"class_list":["post-997","page","type-page","status-publish"],"yoast_head":"<!-- This site is optimized with the Yoast SEO plugin v27.3 - https:\/\/yoast.com\/product\/yoast-seo-wordpress\/ -->\n<title>Gesti\u00f3n de Comunidades de Propietarios - Aprop Gestions<\/title>\n<meta name=\"robots\" content=\"index, follow, max-snippet:-1, max-image-preview:large, max-video-preview:-1\" \/>\n<link rel=\"canonical\" href=\"https:\/\/apropgestions.com\/es\/servicios\/gestion-de-comunidades-de-propietarios\/\" \/>\n<meta property=\"og:locale\" content=\"es_ES\" \/>\n<meta property=\"og:type\" content=\"article\" \/>\n<meta property=\"og:title\" content=\"Gesti\u00f3n de Comunidades de Propietarios - Aprop Gestions\" \/>\n<meta property=\"og:description\" content=\"Gesti\u00f3n de comunidades de propietarios APROP ofrece un servicio integral en la Administraci\u00f3n de las Comunidades de Propietarios y cuenta con una larga experiencia en este sector. Actualmente trabaja con un importante n\u00famero de comunidades en Figueres y comarca. APROP est\u00e1 con su Comunidad de Propietarios en todos aquellos procesos esenciales para su correcta gesti\u00f3n ... Leer m\u00e1s\" \/>\n<meta property=\"og:url\" content=\"https:\/\/apropgestions.com\/es\/servicios\/gestion-de-comunidades-de-propietarios\/\" \/>\n<meta property=\"og:site_name\" content=\"Aprop Gestions\" \/>\n<meta property=\"article:modified_time\" content=\"2024-02-27T11:17:49+00:00\" \/>\n<meta property=\"og:image\" content=\"https:\/\/apropgestions.com\/wp-content\/uploads\/2024\/02\/Comunitats-Aprop-Gestions.jpg\" \/>\n<meta name=\"twitter:card\" content=\"summary_large_image\" \/>\n<meta name=\"twitter:label1\" content=\"Tiempo de lectura\" \/>\n\t<meta name=\"twitter:data1\" content=\"2 minutos\" \/>\n<script type=\"application\/ld+json\" class=\"yoast-schema-graph\">{\"@context\":\"https:\\\/\\\/schema.org\",\"@graph\":[{\"@type\":\"WebPage\",\"@id\":\"https:\\\/\\\/apropgestions.com\\\/es\\\/servicios\\\/gestion-de-comunidades-de-propietarios\\\/\",\"url\":\"https:\\\/\\\/apropgestions.com\\\/es\\\/servicios\\\/gestion-de-comunidades-de-propietarios\\\/\",\"name\":\"Gesti\u00f3n de Comunidades de Propietarios - Aprop Gestions\",\"isPartOf\":{\"@id\":\"https:\\\/\\\/apropgestions.com\\\/#website\"},\"primaryImageOfPage\":{\"@id\":\"https:\\\/\\\/apropgestions.com\\\/es\\\/servicios\\\/gestion-de-comunidades-de-propietarios\\\/#primaryimage\"},\"image\":{\"@id\":\"https:\\\/\\\/apropgestions.com\\\/es\\\/servicios\\\/gestion-de-comunidades-de-propietarios\\\/#primaryimage\"},\"thumbnailUrl\":\"https:\\\/\\\/apropgestions.com\\\/wp-content\\\/uploads\\\/2024\\\/02\\\/Comunitats-Aprop-Gestions.jpg\",\"datePublished\":\"2022-07-13T10:52:54+00:00\",\"dateModified\":\"2024-02-27T11:17:49+00:00\",\"breadcrumb\":{\"@id\":\"https:\\\/\\\/apropgestions.com\\\/es\\\/servicios\\\/gestion-de-comunidades-de-propietarios\\\/#breadcrumb\"},\"inLanguage\":\"es\",\"potentialAction\":[{\"@type\":\"ReadAction\",\"target\":[\"https:\\\/\\\/apropgestions.com\\\/es\\\/servicios\\\/gestion-de-comunidades-de-propietarios\\\/\"]}]},{\"@type\":\"ImageObject\",\"inLanguage\":\"es\",\"@id\":\"https:\\\/\\\/apropgestions.com\\\/es\\\/servicios\\\/gestion-de-comunidades-de-propietarios\\\/#primaryimage\",\"url\":\"https:\\\/\\\/apropgestions.com\\\/wp-content\\\/uploads\\\/2024\\\/02\\\/Comunitats-Aprop-Gestions.jpg\",\"contentUrl\":\"https:\\\/\\\/apropgestions.com\\\/wp-content\\\/uploads\\\/2024\\\/02\\\/Comunitats-Aprop-Gestions.jpg\"},{\"@type\":\"BreadcrumbList\",\"@id\":\"https:\\\/\\\/apropgestions.com\\\/es\\\/servicios\\\/gestion-de-comunidades-de-propietarios\\\/#breadcrumb\",\"itemListElement\":[{\"@type\":\"ListItem\",\"position\":1,\"name\":\"Portada\",\"item\":\"https:\\\/\\\/apropgestions.com\\\/\"},{\"@type\":\"ListItem\",\"position\":2,\"name\":\"Servicios\",\"item\":\"https:\\\/\\\/apropgestions.com\\\/es\\\/servicios\\\/\"},{\"@type\":\"ListItem\",\"position\":3,\"name\":\"Gesti\u00f3n de Comunidades de Propietarios\"}]},{\"@type\":\"WebSite\",\"@id\":\"https:\\\/\\\/apropgestions.com\\\/#website\",\"url\":\"https:\\\/\\\/apropgestions.com\\\/\",\"name\":\"Aprop Gestions\",\"description\":\"Portem la teva comunitat com ens agradaria que portessin la nostra\",\"publisher\":{\"@id\":\"https:\\\/\\\/apropgestions.com\\\/#organization\"},\"potentialAction\":[{\"@type\":\"SearchAction\",\"target\":{\"@type\":\"EntryPoint\",\"urlTemplate\":\"https:\\\/\\\/apropgestions.com\\\/?s={search_term_string}\"},\"query-input\":{\"@type\":\"PropertyValueSpecification\",\"valueRequired\":true,\"valueName\":\"search_term_string\"}}],\"inLanguage\":\"es\"},{\"@type\":\"Organization\",\"@id\":\"https:\\\/\\\/apropgestions.com\\\/#organization\",\"name\":\"Aprop Gestions\",\"url\":\"https:\\\/\\\/apropgestions.com\\\/\",\"logo\":{\"@type\":\"ImageObject\",\"inLanguage\":\"es\",\"@id\":\"https:\\\/\\\/apropgestions.com\\\/#\\\/schema\\\/logo\\\/image\\\/\",\"url\":\"https:\\\/\\\/apropgestions.com\\\/wp-content\\\/uploads\\\/2022\\\/07\\\/logo_aprop_gestions.png\",\"contentUrl\":\"https:\\\/\\\/apropgestions.com\\\/wp-content\\\/uploads\\\/2022\\\/07\\\/logo_aprop_gestions.png\",\"width\":290,\"height\":100,\"caption\":\"Aprop Gestions\"},\"image\":{\"@id\":\"https:\\\/\\\/apropgestions.com\\\/#\\\/schema\\\/logo\\\/image\\\/\"}}]}<\/script>\n<!-- \/ Yoast SEO plugin. -->","yoast_head_json":{"title":"Gesti\u00f3n de Comunidades de Propietarios - Aprop Gestions","robots":{"index":"index","follow":"follow","max-snippet":"max-snippet:-1","max-image-preview":"max-image-preview:large","max-video-preview":"max-video-preview:-1"},"canonical":"https:\/\/apropgestions.com\/es\/servicios\/gestion-de-comunidades-de-propietarios\/","og_locale":"es_ES","og_type":"article","og_title":"Gesti\u00f3n de Comunidades de Propietarios - Aprop Gestions","og_description":"Gesti\u00f3n de comunidades de propietarios APROP ofrece un servicio integral en la Administraci\u00f3n de las Comunidades de Propietarios y cuenta con una larga experiencia en este sector. Actualmente trabaja con un importante n\u00famero de comunidades en Figueres y comarca. APROP est\u00e1 con su Comunidad de Propietarios en todos aquellos procesos esenciales para su correcta gesti\u00f3n ... Leer m\u00e1s","og_url":"https:\/\/apropgestions.com\/es\/servicios\/gestion-de-comunidades-de-propietarios\/","og_site_name":"Aprop Gestions","article_modified_time":"2024-02-27T11:17:49+00:00","og_image":[{"url":"https:\/\/apropgestions.com\/wp-content\/uploads\/2024\/02\/Comunitats-Aprop-Gestions.jpg","type":"","width":"","height":""}],"twitter_card":"summary_large_image","twitter_misc":{"Tiempo de lectura":"2 minutos"},"schema":{"@context":"https:\/\/schema.org","@graph":[{"@type":"WebPage","@id":"https:\/\/apropgestions.com\/es\/servicios\/gestion-de-comunidades-de-propietarios\/","url":"https:\/\/apropgestions.com\/es\/servicios\/gestion-de-comunidades-de-propietarios\/","name":"Gesti\u00f3n de Comunidades de Propietarios - Aprop Gestions","isPartOf":{"@id":"https:\/\/apropgestions.com\/#website"},"primaryImageOfPage":{"@id":"https:\/\/apropgestions.com\/es\/servicios\/gestion-de-comunidades-de-propietarios\/#primaryimage"},"image":{"@id":"https:\/\/apropgestions.com\/es\/servicios\/gestion-de-comunidades-de-propietarios\/#primaryimage"},"thumbnailUrl":"https:\/\/apropgestions.com\/wp-content\/uploads\/2024\/02\/Comunitats-Aprop-Gestions.jpg","datePublished":"2022-07-13T10:52:54+00:00","dateModified":"2024-02-27T11:17:49+00:00","breadcrumb":{"@id":"https:\/\/apropgestions.com\/es\/servicios\/gestion-de-comunidades-de-propietarios\/#breadcrumb"},"inLanguage":"es","potentialAction":[{"@type":"ReadAction","target":["https:\/\/apropgestions.com\/es\/servicios\/gestion-de-comunidades-de-propietarios\/"]}]},{"@type":"ImageObject","inLanguage":"es","@id":"https:\/\/apropgestions.com\/es\/servicios\/gestion-de-comunidades-de-propietarios\/#primaryimage","url":"https:\/\/apropgestions.com\/wp-content\/uploads\/2024\/02\/Comunitats-Aprop-Gestions.jpg","contentUrl":"https:\/\/apropgestions.com\/wp-content\/uploads\/2024\/02\/Comunitats-Aprop-Gestions.jpg"},{"@type":"BreadcrumbList","@id":"https:\/\/apropgestions.com\/es\/servicios\/gestion-de-comunidades-de-propietarios\/#breadcrumb","itemListElement":[{"@type":"ListItem","position":1,"name":"Portada","item":"https:\/\/apropgestions.com\/"},{"@type":"ListItem","position":2,"name":"Servicios","item":"https:\/\/apropgestions.com\/es\/servicios\/"},{"@type":"ListItem","position":3,"name":"Gesti\u00f3n de Comunidades de Propietarios"}]},{"@type":"WebSite","@id":"https:\/\/apropgestions.com\/#website","url":"https:\/\/apropgestions.com\/","name":"Aprop Gestions","description":"Portem la teva comunitat com ens agradaria que portessin la nostra","publisher":{"@id":"https:\/\/apropgestions.com\/#organization"},"potentialAction":[{"@type":"SearchAction","target":{"@type":"EntryPoint","urlTemplate":"https:\/\/apropgestions.com\/?s={search_term_string}"},"query-input":{"@type":"PropertyValueSpecification","valueRequired":true,"valueName":"search_term_string"}}],"inLanguage":"es"},{"@type":"Organization","@id":"https:\/\/apropgestions.com\/#organization","name":"Aprop Gestions","url":"https:\/\/apropgestions.com\/","logo":{"@type":"ImageObject","inLanguage":"es","@id":"https:\/\/apropgestions.com\/#\/schema\/logo\/image\/","url":"https:\/\/apropgestions.com\/wp-content\/uploads\/2022\/07\/logo_aprop_gestions.png","contentUrl":"https:\/\/apropgestions.com\/wp-content\/uploads\/2022\/07\/logo_aprop_gestions.png","width":290,"height":100,"caption":"Aprop Gestions"},"image":{"@id":"https:\/\/apropgestions.com\/#\/schema\/logo\/image\/"}}]}},"_links":{"self":[{"href":"https:\/\/apropgestions.com\/es\/wp-json\/wp\/v2\/pages\/997","targetHints":{"allow":["GET"]}}],"collection":[{"href":"https:\/\/apropgestions.com\/es\/wp-json\/wp\/v2\/pages"}],"about":[{"href":"https:\/\/apropgestions.com\/es\/wp-json\/wp\/v2\/types\/page"}],"author":[{"embeddable":true,"href":"https:\/\/apropgestions.com\/es\/wp-json\/wp\/v2\/users\/1"}],"replies":[{"embeddable":true,"href":"https:\/\/apropgestions.com\/es\/wp-json\/wp\/v2\/comments?post=997"}],"version-history":[{"count":2,"href":"https:\/\/apropgestions.com\/es\/wp-json\/wp\/v2\/pages\/997\/revisions"}],"predecessor-version":[{"id":999,"href":"https:\/\/apropgestions.com\/es\/wp-json\/wp\/v2\/pages\/997\/revisions\/999"}],"up":[{"embeddable":true,"href":"https:\/\/apropgestions.com\/es\/wp-json\/wp\/v2\/pages\/995"}],"wp:attachment":[{"href":"https:\/\/apropgestions.com\/es\/wp-json\/wp\/v2\/media?parent=997"}],"curies":[{"name":"wp","href":"https:\/\/api.w.org\/{rel}","templated":true}]}}