{"id":960,"date":"2022-07-13T10:56:10","date_gmt":"2022-07-13T10:56:10","guid":{"rendered":"https:\/\/apropgestions.com\/proyectos-con-administraciones-publicas\/"},"modified":"2024-02-27T11:16:44","modified_gmt":"2024-02-27T11:16:44","slug":"proyectos-con-administraciones-publicas","status":"publish","type":"page","link":"https:\/\/apropgestions.com\/es\/servicios\/proyectos-con-administraciones-publicas\/","title":{"rendered":"Proyectos con Administraciones P\u00fablicas"},"content":{"rendered":"\t\t<div data-elementor-type=\"wp-page\" data-elementor-id=\"960\" class=\"elementor elementor-960 elementor-79\" data-elementor-post-type=\"page\">\n\t\t\t\t\t\t<section class=\"elementor-section elementor-top-section elementor-element elementor-element-038d87b elementor-section-full_width elementor-section-height-min-height elementor-section-height-default elementor-section-items-middle\" data-id=\"038d87b\" data-element_type=\"section\" data-e-type=\"section\" data-settings=\"{&quot;background_background&quot;:&quot;classic&quot;}\">\n\t\t\t\t\t\t<div class=\"elementor-container elementor-column-gap-default\">\n\t\t\t\t\t<div class=\"elementor-column elementor-col-100 elementor-top-column elementor-element elementor-element-1ddd58b\" data-id=\"1ddd58b\" data-element_type=\"column\" data-e-type=\"column\">\n\t\t\t<div class=\"elementor-widget-wrap\">\n\t\t\t\t\t\t\t<\/div>\n\t\t<\/div>\n\t\t\t\t\t<\/div>\n\t\t<\/section>\n\t\t\t\t<section class=\"elementor-section elementor-top-section elementor-element elementor-element-ed7fe7a elementor-section-boxed elementor-section-height-default elementor-section-height-default\" data-id=\"ed7fe7a\" data-element_type=\"section\" data-e-type=\"section\">\n\t\t\t\t\t\t<div class=\"elementor-container elementor-column-gap-default\">\n\t\t\t\t\t<div class=\"elementor-column elementor-col-100 elementor-top-column elementor-element elementor-element-0c5d706\" data-id=\"0c5d706\" data-element_type=\"column\" data-e-type=\"column\">\n\t\t\t<div class=\"elementor-widget-wrap elementor-element-populated\">\n\t\t\t\t\t\t\t<\/div>\n\t\t<\/div>\n\t\t\t\t\t<\/div>\n\t\t<\/section>\n\t\t\t\t<section class=\"elementor-section elementor-top-section elementor-element elementor-element-278adb6 elementor-section-boxed elementor-section-height-default elementor-section-height-default\" data-id=\"278adb6\" data-element_type=\"section\" data-e-type=\"section\">\n\t\t\t\t\t\t<div class=\"elementor-container elementor-column-gap-default\">\n\t\t\t\t\t<div class=\"elementor-column elementor-col-50 elementor-top-column elementor-element elementor-element-c817a22\" data-id=\"c817a22\" data-element_type=\"column\" data-e-type=\"column\">\n\t\t\t<div class=\"elementor-widget-wrap elementor-element-populated\">\n\t\t\t\t\t\t<div class=\"elementor-element elementor-element-5067c97 elementor-widget elementor-widget-image\" data-id=\"5067c97\" data-element_type=\"widget\" data-e-type=\"widget\" data-widget_type=\"image.default\">\n\t\t\t\t<div class=\"elementor-widget-container\">\n\t\t\t\t\t\t\t\t\t\t\t\t\t\t\t<img fetchpriority=\"high\" decoding=\"async\" width=\"429\" height=\"240\" src=\"https:\/\/apropgestions.com\/wp-content\/uploads\/2023\/12\/240_F_648266265_pziP8fzpdo8j98MHizdy7xJak6nNEvWa.jpg\" class=\"attachment-large size-large wp-image-749\" alt=\"\" srcset=\"https:\/\/apropgestions.com\/wp-content\/uploads\/2023\/12\/240_F_648266265_pziP8fzpdo8j98MHizdy7xJak6nNEvWa.jpg 429w, https:\/\/apropgestions.com\/wp-content\/uploads\/2023\/12\/240_F_648266265_pziP8fzpdo8j98MHizdy7xJak6nNEvWa-300x168.jpg 300w\" sizes=\"(max-width: 429px) 100vw, 429px\" \/>\t\t\t\t\t\t\t\t\t\t\t\t\t\t\t<\/div>\n\t\t\t\t<\/div>\n\t\t\t\t\t<\/div>\n\t\t<\/div>\n\t\t\t\t<div class=\"elementor-column elementor-col-50 elementor-top-column elementor-element elementor-element-7f6303c\" data-id=\"7f6303c\" data-element_type=\"column\" data-e-type=\"column\">\n\t\t\t<div class=\"elementor-widget-wrap elementor-element-populated\">\n\t\t\t\t\t\t<div class=\"elementor-element elementor-element-b6c4d53 elementor-widget elementor-widget-text-editor\" data-id=\"b6c4d53\" data-element_type=\"widget\" data-e-type=\"widget\" data-widget_type=\"text-editor.default\">\n\t\t\t\t<div class=\"elementor-widget-container\">\n\t\t\t\t\t\t\t\t\t<p>Desde Aprop hemos tra\u00eddo un conjunto de proyectos con las administraciones p\u00fablicas. Hemos trabajado conjuntamente con el Ayuntamiento de L&#8217;Escala llevando el proyecto de mantenimiento de la vivienda y gesti\u00f3n del parque inmobiliario municipal.<\/p>\n<p>Tambi\u00e9n hemos trabajado con el Ayuntamiento de Salt realizando el servicio de mediaci\u00f3n por la Oficina de la Vivienda del Ayuntamiento. Por otro lado, desde Aprop tambi\u00e9n impartimos algunas formaciones en las comunidades de Salt a trav\u00e9s de este mismo programa.<\/p>\n<p>Hemos llevado tambi\u00e9n conjuntamente con el Ayuntamiento de Figueres, con el Fondo Next Generation para la rehabilitaci\u00f3n energ\u00e9tica de las viviendas.<\/p>\n\t\t\t\t\t\t\t\t<\/div>\n\t\t\t\t<\/div>\n\t\t\t\t\t<\/div>\n\t\t<\/div>\n\t\t\t\t\t<\/div>\n\t\t<\/section>\n\t\t\t\t<\/div>\n\t\t","protected":false},"excerpt":{"rendered":"<p>Desde Aprop hemos tra\u00eddo un conjunto de proyectos con las administraciones p\u00fablicas. Hemos trabajado conjuntamente con el Ayuntamiento de L&#8217;Escala llevando el proyecto de mantenimiento de la vivienda y gesti\u00f3n del parque inmobiliario municipal. Tambi\u00e9n hemos trabajado con el Ayuntamiento de Salt realizando el servicio de mediaci\u00f3n por la Oficina de la Vivienda del Ayuntamiento. &#8230; <a title=\"Proyectos con Administraciones P\u00fablicas\" class=\"read-more\" href=\"https:\/\/apropgestions.com\/es\/servicios\/proyectos-con-administraciones-publicas\/\" aria-label=\"Leer m\u00e1s sobre Proyectos con Administraciones P\u00fablicas\">Leer m\u00e1s<\/a><\/p>\n","protected":false},"author":1,"featured_media":0,"parent":995,"menu_order":0,"comment_status":"closed","ping_status":"closed","template":"","meta":{"footnotes":""},"class_list":["post-960","page","type-page","status-publish"],"yoast_head":"<!-- This site is optimized with the Yoast SEO plugin v27.3 - https:\/\/yoast.com\/product\/yoast-seo-wordpress\/ -->\n<title>Proyectos con Administraciones P\u00fablicas - Aprop Gestions<\/title>\n<meta name=\"robots\" content=\"index, follow, max-snippet:-1, max-image-preview:large, max-video-preview:-1\" \/>\n<link rel=\"canonical\" href=\"https:\/\/apropgestions.com\/es\/servicios\/proyectos-con-administraciones-publicas\/\" \/>\n<meta property=\"og:locale\" content=\"es_ES\" \/>\n<meta property=\"og:type\" content=\"article\" \/>\n<meta property=\"og:title\" content=\"Proyectos con Administraciones P\u00fablicas - Aprop Gestions\" \/>\n<meta property=\"og:description\" content=\"Desde Aprop hemos tra\u00eddo un conjunto de proyectos con las administraciones p\u00fablicas. Hemos trabajado conjuntamente con el Ayuntamiento de L&#8217;Escala llevando el proyecto de mantenimiento de la vivienda y gesti\u00f3n del parque inmobiliario municipal. Tambi\u00e9n hemos trabajado con el Ayuntamiento de Salt realizando el servicio de mediaci\u00f3n por la Oficina de la Vivienda del Ayuntamiento. ... Leer m\u00e1s\" \/>\n<meta property=\"og:url\" content=\"https:\/\/apropgestions.com\/es\/servicios\/proyectos-con-administraciones-publicas\/\" \/>\n<meta property=\"og:site_name\" content=\"Aprop Gestions\" \/>\n<meta property=\"article:modified_time\" content=\"2024-02-27T11:16:44+00:00\" \/>\n<meta property=\"og:image\" content=\"https:\/\/apropgestions.com\/wp-content\/uploads\/2023\/12\/240_F_648266265_pziP8fzpdo8j98MHizdy7xJak6nNEvWa.jpg\" \/>\n<meta name=\"twitter:card\" content=\"summary_large_image\" \/>\n<meta name=\"twitter:label1\" content=\"Tiempo de lectura\" \/>\n\t<meta name=\"twitter:data1\" content=\"1 minuto\" \/>\n<script type=\"application\/ld+json\" class=\"yoast-schema-graph\">{\"@context\":\"https:\\\/\\\/schema.org\",\"@graph\":[{\"@type\":\"WebPage\",\"@id\":\"https:\\\/\\\/apropgestions.com\\\/es\\\/servicios\\\/proyectos-con-administraciones-publicas\\\/\",\"url\":\"https:\\\/\\\/apropgestions.com\\\/es\\\/servicios\\\/proyectos-con-administraciones-publicas\\\/\",\"name\":\"Proyectos con Administraciones P\u00fablicas - Aprop Gestions\",\"isPartOf\":{\"@id\":\"https:\\\/\\\/apropgestions.com\\\/#website\"},\"primaryImageOfPage\":{\"@id\":\"https:\\\/\\\/apropgestions.com\\\/es\\\/servicios\\\/proyectos-con-administraciones-publicas\\\/#primaryimage\"},\"image\":{\"@id\":\"https:\\\/\\\/apropgestions.com\\\/es\\\/servicios\\\/proyectos-con-administraciones-publicas\\\/#primaryimage\"},\"thumbnailUrl\":\"https:\\\/\\\/apropgestions.com\\\/wp-content\\\/uploads\\\/2023\\\/12\\\/240_F_648266265_pziP8fzpdo8j98MHizdy7xJak6nNEvWa.jpg\",\"datePublished\":\"2022-07-13T10:56:10+00:00\",\"dateModified\":\"2024-02-27T11:16:44+00:00\",\"breadcrumb\":{\"@id\":\"https:\\\/\\\/apropgestions.com\\\/es\\\/servicios\\\/proyectos-con-administraciones-publicas\\\/#breadcrumb\"},\"inLanguage\":\"es\",\"potentialAction\":[{\"@type\":\"ReadAction\",\"target\":[\"https:\\\/\\\/apropgestions.com\\\/es\\\/servicios\\\/proyectos-con-administraciones-publicas\\\/\"]}]},{\"@type\":\"ImageObject\",\"inLanguage\":\"es\",\"@id\":\"https:\\\/\\\/apropgestions.com\\\/es\\\/servicios\\\/proyectos-con-administraciones-publicas\\\/#primaryimage\",\"url\":\"https:\\\/\\\/apropgestions.com\\\/wp-content\\\/uploads\\\/2023\\\/12\\\/240_F_648266265_pziP8fzpdo8j98MHizdy7xJak6nNEvWa.jpg\",\"contentUrl\":\"https:\\\/\\\/apropgestions.com\\\/wp-content\\\/uploads\\\/2023\\\/12\\\/240_F_648266265_pziP8fzpdo8j98MHizdy7xJak6nNEvWa.jpg\"},{\"@type\":\"BreadcrumbList\",\"@id\":\"https:\\\/\\\/apropgestions.com\\\/es\\\/servicios\\\/proyectos-con-administraciones-publicas\\\/#breadcrumb\",\"itemListElement\":[{\"@type\":\"ListItem\",\"position\":1,\"name\":\"Portada\",\"item\":\"https:\\\/\\\/apropgestions.com\\\/\"},{\"@type\":\"ListItem\",\"position\":2,\"name\":\"Servicios\",\"item\":\"https:\\\/\\\/apropgestions.com\\\/es\\\/servicios\\\/\"},{\"@type\":\"ListItem\",\"position\":3,\"name\":\"Proyectos con Administraciones P\u00fablicas\"}]},{\"@type\":\"WebSite\",\"@id\":\"https:\\\/\\\/apropgestions.com\\\/#website\",\"url\":\"https:\\\/\\\/apropgestions.com\\\/\",\"name\":\"Aprop Gestions\",\"description\":\"Portem la teva comunitat com ens agradaria que portessin la nostra\",\"publisher\":{\"@id\":\"https:\\\/\\\/apropgestions.com\\\/#organization\"},\"potentialAction\":[{\"@type\":\"SearchAction\",\"target\":{\"@type\":\"EntryPoint\",\"urlTemplate\":\"https:\\\/\\\/apropgestions.com\\\/?s={search_term_string}\"},\"query-input\":{\"@type\":\"PropertyValueSpecification\",\"valueRequired\":true,\"valueName\":\"search_term_string\"}}],\"inLanguage\":\"es\"},{\"@type\":\"Organization\",\"@id\":\"https:\\\/\\\/apropgestions.com\\\/#organization\",\"name\":\"Aprop Gestions\",\"url\":\"https:\\\/\\\/apropgestions.com\\\/\",\"logo\":{\"@type\":\"ImageObject\",\"inLanguage\":\"es\",\"@id\":\"https:\\\/\\\/apropgestions.com\\\/#\\\/schema\\\/logo\\\/image\\\/\",\"url\":\"https:\\\/\\\/apropgestions.com\\\/wp-content\\\/uploads\\\/2022\\\/07\\\/logo_aprop_gestions.png\",\"contentUrl\":\"https:\\\/\\\/apropgestions.com\\\/wp-content\\\/uploads\\\/2022\\\/07\\\/logo_aprop_gestions.png\",\"width\":290,\"height\":100,\"caption\":\"Aprop Gestions\"},\"image\":{\"@id\":\"https:\\\/\\\/apropgestions.com\\\/#\\\/schema\\\/logo\\\/image\\\/\"}}]}<\/script>\n<!-- \/ Yoast SEO plugin. -->","yoast_head_json":{"title":"Proyectos con Administraciones P\u00fablicas - Aprop Gestions","robots":{"index":"index","follow":"follow","max-snippet":"max-snippet:-1","max-image-preview":"max-image-preview:large","max-video-preview":"max-video-preview:-1"},"canonical":"https:\/\/apropgestions.com\/es\/servicios\/proyectos-con-administraciones-publicas\/","og_locale":"es_ES","og_type":"article","og_title":"Proyectos con Administraciones P\u00fablicas - Aprop Gestions","og_description":"Desde Aprop hemos tra\u00eddo un conjunto de proyectos con las administraciones p\u00fablicas. Hemos trabajado conjuntamente con el Ayuntamiento de L&#8217;Escala llevando el proyecto de mantenimiento de la vivienda y gesti\u00f3n del parque inmobiliario municipal. Tambi\u00e9n hemos trabajado con el Ayuntamiento de Salt realizando el servicio de mediaci\u00f3n por la Oficina de la Vivienda del Ayuntamiento. ... Leer m\u00e1s","og_url":"https:\/\/apropgestions.com\/es\/servicios\/proyectos-con-administraciones-publicas\/","og_site_name":"Aprop Gestions","article_modified_time":"2024-02-27T11:16:44+00:00","og_image":[{"url":"https:\/\/apropgestions.com\/wp-content\/uploads\/2023\/12\/240_F_648266265_pziP8fzpdo8j98MHizdy7xJak6nNEvWa.jpg","type":"","width":"","height":""}],"twitter_card":"summary_large_image","twitter_misc":{"Tiempo de lectura":"1 minuto"},"schema":{"@context":"https:\/\/schema.org","@graph":[{"@type":"WebPage","@id":"https:\/\/apropgestions.com\/es\/servicios\/proyectos-con-administraciones-publicas\/","url":"https:\/\/apropgestions.com\/es\/servicios\/proyectos-con-administraciones-publicas\/","name":"Proyectos con Administraciones P\u00fablicas - Aprop Gestions","isPartOf":{"@id":"https:\/\/apropgestions.com\/#website"},"primaryImageOfPage":{"@id":"https:\/\/apropgestions.com\/es\/servicios\/proyectos-con-administraciones-publicas\/#primaryimage"},"image":{"@id":"https:\/\/apropgestions.com\/es\/servicios\/proyectos-con-administraciones-publicas\/#primaryimage"},"thumbnailUrl":"https:\/\/apropgestions.com\/wp-content\/uploads\/2023\/12\/240_F_648266265_pziP8fzpdo8j98MHizdy7xJak6nNEvWa.jpg","datePublished":"2022-07-13T10:56:10+00:00","dateModified":"2024-02-27T11:16:44+00:00","breadcrumb":{"@id":"https:\/\/apropgestions.com\/es\/servicios\/proyectos-con-administraciones-publicas\/#breadcrumb"},"inLanguage":"es","potentialAction":[{"@type":"ReadAction","target":["https:\/\/apropgestions.com\/es\/servicios\/proyectos-con-administraciones-publicas\/"]}]},{"@type":"ImageObject","inLanguage":"es","@id":"https:\/\/apropgestions.com\/es\/servicios\/proyectos-con-administraciones-publicas\/#primaryimage","url":"https:\/\/apropgestions.com\/wp-content\/uploads\/2023\/12\/240_F_648266265_pziP8fzpdo8j98MHizdy7xJak6nNEvWa.jpg","contentUrl":"https:\/\/apropgestions.com\/wp-content\/uploads\/2023\/12\/240_F_648266265_pziP8fzpdo8j98MHizdy7xJak6nNEvWa.jpg"},{"@type":"BreadcrumbList","@id":"https:\/\/apropgestions.com\/es\/servicios\/proyectos-con-administraciones-publicas\/#breadcrumb","itemListElement":[{"@type":"ListItem","position":1,"name":"Portada","item":"https:\/\/apropgestions.com\/"},{"@type":"ListItem","position":2,"name":"Servicios","item":"https:\/\/apropgestions.com\/es\/servicios\/"},{"@type":"ListItem","position":3,"name":"Proyectos con Administraciones P\u00fablicas"}]},{"@type":"WebSite","@id":"https:\/\/apropgestions.com\/#website","url":"https:\/\/apropgestions.com\/","name":"Aprop Gestions","description":"Portem la teva comunitat com ens agradaria que portessin la nostra","publisher":{"@id":"https:\/\/apropgestions.com\/#organization"},"potentialAction":[{"@type":"SearchAction","target":{"@type":"EntryPoint","urlTemplate":"https:\/\/apropgestions.com\/?s={search_term_string}"},"query-input":{"@type":"PropertyValueSpecification","valueRequired":true,"valueName":"search_term_string"}}],"inLanguage":"es"},{"@type":"Organization","@id":"https:\/\/apropgestions.com\/#organization","name":"Aprop Gestions","url":"https:\/\/apropgestions.com\/","logo":{"@type":"ImageObject","inLanguage":"es","@id":"https:\/\/apropgestions.com\/#\/schema\/logo\/image\/","url":"https:\/\/apropgestions.com\/wp-content\/uploads\/2022\/07\/logo_aprop_gestions.png","contentUrl":"https:\/\/apropgestions.com\/wp-content\/uploads\/2022\/07\/logo_aprop_gestions.png","width":290,"height":100,"caption":"Aprop Gestions"},"image":{"@id":"https:\/\/apropgestions.com\/#\/schema\/logo\/image\/"}}]}},"_links":{"self":[{"href":"https:\/\/apropgestions.com\/es\/wp-json\/wp\/v2\/pages\/960","targetHints":{"allow":["GET"]}}],"collection":[{"href":"https:\/\/apropgestions.com\/es\/wp-json\/wp\/v2\/pages"}],"about":[{"href":"https:\/\/apropgestions.com\/es\/wp-json\/wp\/v2\/types\/page"}],"author":[{"embeddable":true,"href":"https:\/\/apropgestions.com\/es\/wp-json\/wp\/v2\/users\/1"}],"replies":[{"embeddable":true,"href":"https:\/\/apropgestions.com\/es\/wp-json\/wp\/v2\/comments?post=960"}],"version-history":[{"count":1,"href":"https:\/\/apropgestions.com\/es\/wp-json\/wp\/v2\/pages\/960\/revisions"}],"predecessor-version":[{"id":962,"href":"https:\/\/apropgestions.com\/es\/wp-json\/wp\/v2\/pages\/960\/revisions\/962"}],"up":[{"embeddable":true,"href":"https:\/\/apropgestions.com\/es\/wp-json\/wp\/v2\/pages\/995"}],"wp:attachment":[{"href":"https:\/\/apropgestions.com\/es\/wp-json\/wp\/v2\/media?parent=960"}],"curies":[{"name":"wp","href":"https:\/\/api.w.org\/{rel}","templated":true}]}}