{"id":951,"date":"2022-07-13T10:56:55","date_gmt":"2022-07-13T10:56:55","guid":{"rendered":"https:\/\/apropgestions.com\/mantenimientos-y-reparaciones-de-comunidades\/"},"modified":"2024-02-27T11:16:44","modified_gmt":"2024-02-27T11:16:44","slug":"mantenimientos-y-reparaciones-de-comunidades","status":"publish","type":"page","link":"https:\/\/apropgestions.com\/es\/servicios\/mantenimientos-y-reparaciones-de-comunidades\/","title":{"rendered":"Mantenimientos y reparaciones de Comunidades"},"content":{"rendered":"\t\t<div data-elementor-type=\"wp-page\" data-elementor-id=\"951\" class=\"elementor elementor-951 elementor-83\" data-elementor-post-type=\"page\">\n\t\t\t\t\t\t<section class=\"elementor-section elementor-top-section elementor-element elementor-element-9e34a40 elementor-section-height-min-height elementor-section-full_width elementor-section-height-default elementor-section-items-middle\" data-id=\"9e34a40\" data-element_type=\"section\" data-e-type=\"section\" data-settings=\"{&quot;background_background&quot;:&quot;classic&quot;}\">\n\t\t\t\t\t\t\t<div class=\"elementor-background-overlay\"><\/div>\n\t\t\t\t\t\t\t<div class=\"elementor-container elementor-column-gap-default\">\n\t\t\t\t\t<div class=\"elementor-column elementor-col-100 elementor-top-column elementor-element elementor-element-ce5d145\" data-id=\"ce5d145\" data-element_type=\"column\" data-e-type=\"column\">\n\t\t\t<div class=\"elementor-widget-wrap\">\n\t\t\t\t\t\t\t<\/div>\n\t\t<\/div>\n\t\t\t\t\t<\/div>\n\t\t<\/section>\n\t\t\t\t<section class=\"elementor-section elementor-top-section elementor-element elementor-element-0e03a09 elementor-section-boxed elementor-section-height-default elementor-section-height-default\" data-id=\"0e03a09\" data-element_type=\"section\" data-e-type=\"section\">\n\t\t\t\t\t\t<div class=\"elementor-container elementor-column-gap-default\">\n\t\t\t\t\t<div class=\"elementor-column elementor-col-100 elementor-top-column elementor-element elementor-element-a185bca\" data-id=\"a185bca\" data-element_type=\"column\" data-e-type=\"column\">\n\t\t\t<div class=\"elementor-widget-wrap elementor-element-populated\">\n\t\t\t\t\t\t\t<\/div>\n\t\t<\/div>\n\t\t\t\t\t<\/div>\n\t\t<\/section>\n\t\t\t\t<section class=\"elementor-section elementor-top-section elementor-element elementor-element-8df5561 elementor-section-boxed elementor-section-height-default elementor-section-height-default\" data-id=\"8df5561\" data-element_type=\"section\" data-e-type=\"section\">\n\t\t\t\t\t\t<div class=\"elementor-container elementor-column-gap-default\">\n\t\t\t\t\t<div class=\"elementor-column elementor-col-100 elementor-top-column elementor-element elementor-element-e9e903a\" data-id=\"e9e903a\" data-element_type=\"column\" data-e-type=\"column\">\n\t\t\t<div class=\"elementor-widget-wrap elementor-element-populated\">\n\t\t\t\t\t\t<div class=\"elementor-element elementor-element-a1491a2 elementor-widget elementor-widget-text-editor\" data-id=\"a1491a2\" data-element_type=\"widget\" data-e-type=\"widget\" data-widget_type=\"text-editor.default\">\n\t\t\t\t<div class=\"elementor-widget-container\">\n\t\t\t\t\t\t\t\t\t<p>Aprop le ofrece tambi\u00e9n servicio de mantenimiento de tu comunidad, de forma r\u00e1pida y eficaz. Buscamos los mejores productos para reparar las aver\u00edas m\u00e1s habituales en tu comunidad. Asimismo, tambi\u00e9n contamos con una cartera de profesionales especializados en cada \u00e1mbito por todo lo que pueda necesitar tu comunidad.<\/p>\n\t\t\t\t\t\t\t\t<\/div>\n\t\t\t\t<\/div>\n\t\t\t\t\t<\/div>\n\t\t<\/div>\n\t\t\t\t\t<\/div>\n\t\t<\/section>\n\t\t\t\t<section class=\"elementor-section elementor-top-section elementor-element elementor-element-cfb7672 elementor-section-boxed elementor-section-height-default elementor-section-height-default\" data-id=\"cfb7672\" data-element_type=\"section\" data-e-type=\"section\">\n\t\t\t\t\t\t<div class=\"elementor-container elementor-column-gap-default\">\n\t\t\t\t\t<div class=\"elementor-column elementor-col-50 elementor-top-column elementor-element elementor-element-fb0480d\" data-id=\"fb0480d\" data-element_type=\"column\" data-e-type=\"column\">\n\t\t\t<div class=\"elementor-widget-wrap elementor-element-populated\">\n\t\t\t\t\t\t<div class=\"elementor-element elementor-element-5ab5496 elementor-widget elementor-widget-image\" data-id=\"5ab5496\" data-element_type=\"widget\" data-e-type=\"widget\" data-widget_type=\"image.default\">\n\t\t\t\t<div class=\"elementor-widget-container\">\n\t\t\t\t\t\t\t\t\t\t\t\t\t\t\t<img fetchpriority=\"high\" decoding=\"async\" width=\"800\" height=\"602\" src=\"https:\/\/apropgestions.com\/wp-content\/uploads\/2023\/11\/Foto-rehabilitacio.jpg\" class=\"attachment-full size-full wp-image-587\" alt=\"\" srcset=\"https:\/\/apropgestions.com\/wp-content\/uploads\/2023\/11\/Foto-rehabilitacio.jpg 800w, https:\/\/apropgestions.com\/wp-content\/uploads\/2023\/11\/Foto-rehabilitacio-300x226.jpg 300w, https:\/\/apropgestions.com\/wp-content\/uploads\/2023\/11\/Foto-rehabilitacio-768x578.jpg 768w\" sizes=\"(max-width: 800px) 100vw, 800px\" \/>\t\t\t\t\t\t\t\t\t\t\t\t\t\t\t<\/div>\n\t\t\t\t<\/div>\n\t\t\t\t\t<\/div>\n\t\t<\/div>\n\t\t\t\t<div class=\"elementor-column elementor-col-50 elementor-top-column elementor-element elementor-element-e821833\" data-id=\"e821833\" data-element_type=\"column\" data-e-type=\"column\">\n\t\t\t<div class=\"elementor-widget-wrap elementor-element-populated\">\n\t\t\t\t\t\t<div class=\"elementor-element elementor-element-0b038a6 elementor-widget elementor-widget-image\" data-id=\"0b038a6\" data-element_type=\"widget\" data-e-type=\"widget\" data-widget_type=\"image.default\">\n\t\t\t\t<div class=\"elementor-widget-container\">\n\t\t\t\t\t\t\t\t\t\t\t\t\t\t\t<img decoding=\"async\" width=\"512\" height=\"384\" src=\"https:\/\/apropgestions.com\/wp-content\/uploads\/2023\/11\/Foto-rehabilitat.jpg\" class=\"attachment-full size-full wp-image-589\" alt=\"\" srcset=\"https:\/\/apropgestions.com\/wp-content\/uploads\/2023\/11\/Foto-rehabilitat.jpg 512w, https:\/\/apropgestions.com\/wp-content\/uploads\/2023\/11\/Foto-rehabilitat-300x225.jpg 300w\" sizes=\"(max-width: 512px) 100vw, 512px\" \/>\t\t\t\t\t\t\t\t\t\t\t\t\t\t\t<\/div>\n\t\t\t\t<\/div>\n\t\t\t\t\t<\/div>\n\t\t<\/div>\n\t\t\t\t\t<\/div>\n\t\t<\/section>\n\t\t\t\t<\/div>\n\t\t","protected":false},"excerpt":{"rendered":"<p>Aprop le ofrece tambi\u00e9n servicio de mantenimiento de tu comunidad, de forma r\u00e1pida y eficaz. Buscamos los mejores productos para reparar las aver\u00edas m\u00e1s habituales en tu comunidad. Asimismo, tambi\u00e9n contamos con una cartera de profesionales especializados en cada \u00e1mbito por todo lo que pueda necesitar tu comunidad.<\/p>\n","protected":false},"author":1,"featured_media":0,"parent":995,"menu_order":0,"comment_status":"closed","ping_status":"closed","template":"","meta":{"footnotes":""},"class_list":["post-951","page","type-page","status-publish"],"yoast_head":"<!-- This site is optimized with the Yoast SEO plugin v27.3 - https:\/\/yoast.com\/product\/yoast-seo-wordpress\/ -->\n<title>Mantenimientos y reparaciones de Comunidades - Aprop Gestions<\/title>\n<meta name=\"robots\" content=\"index, follow, max-snippet:-1, max-image-preview:large, max-video-preview:-1\" \/>\n<link rel=\"canonical\" href=\"https:\/\/apropgestions.com\/es\/servicios\/mantenimientos-y-reparaciones-de-comunidades\/\" \/>\n<meta property=\"og:locale\" content=\"es_ES\" \/>\n<meta property=\"og:type\" content=\"article\" \/>\n<meta property=\"og:title\" content=\"Mantenimientos y reparaciones de Comunidades - Aprop Gestions\" \/>\n<meta property=\"og:description\" content=\"Aprop le ofrece tambi\u00e9n servicio de mantenimiento de tu comunidad, de forma r\u00e1pida y eficaz. Buscamos los mejores productos para reparar las aver\u00edas m\u00e1s habituales en tu comunidad. Asimismo, tambi\u00e9n contamos con una cartera de profesionales especializados en cada \u00e1mbito por todo lo que pueda necesitar tu comunidad.\" \/>\n<meta property=\"og:url\" content=\"https:\/\/apropgestions.com\/es\/servicios\/mantenimientos-y-reparaciones-de-comunidades\/\" \/>\n<meta property=\"og:site_name\" content=\"Aprop Gestions\" \/>\n<meta property=\"article:modified_time\" content=\"2024-02-27T11:16:44+00:00\" \/>\n<meta property=\"og:image\" content=\"https:\/\/apropgestions.com\/wp-content\/uploads\/2023\/11\/Foto-rehabilitacio.jpg\" \/>\n<meta name=\"twitter:card\" content=\"summary_large_image\" \/>\n<script type=\"application\/ld+json\" class=\"yoast-schema-graph\">{\"@context\":\"https:\\\/\\\/schema.org\",\"@graph\":[{\"@type\":\"WebPage\",\"@id\":\"https:\\\/\\\/apropgestions.com\\\/es\\\/servicios\\\/mantenimientos-y-reparaciones-de-comunidades\\\/\",\"url\":\"https:\\\/\\\/apropgestions.com\\\/es\\\/servicios\\\/mantenimientos-y-reparaciones-de-comunidades\\\/\",\"name\":\"Mantenimientos y reparaciones de Comunidades - Aprop Gestions\",\"isPartOf\":{\"@id\":\"https:\\\/\\\/apropgestions.com\\\/#website\"},\"primaryImageOfPage\":{\"@id\":\"https:\\\/\\\/apropgestions.com\\\/es\\\/servicios\\\/mantenimientos-y-reparaciones-de-comunidades\\\/#primaryimage\"},\"image\":{\"@id\":\"https:\\\/\\\/apropgestions.com\\\/es\\\/servicios\\\/mantenimientos-y-reparaciones-de-comunidades\\\/#primaryimage\"},\"thumbnailUrl\":\"https:\\\/\\\/apropgestions.com\\\/wp-content\\\/uploads\\\/2023\\\/11\\\/Foto-rehabilitacio.jpg\",\"datePublished\":\"2022-07-13T10:56:55+00:00\",\"dateModified\":\"2024-02-27T11:16:44+00:00\",\"breadcrumb\":{\"@id\":\"https:\\\/\\\/apropgestions.com\\\/es\\\/servicios\\\/mantenimientos-y-reparaciones-de-comunidades\\\/#breadcrumb\"},\"inLanguage\":\"es\",\"potentialAction\":[{\"@type\":\"ReadAction\",\"target\":[\"https:\\\/\\\/apropgestions.com\\\/es\\\/servicios\\\/mantenimientos-y-reparaciones-de-comunidades\\\/\"]}]},{\"@type\":\"ImageObject\",\"inLanguage\":\"es\",\"@id\":\"https:\\\/\\\/apropgestions.com\\\/es\\\/servicios\\\/mantenimientos-y-reparaciones-de-comunidades\\\/#primaryimage\",\"url\":\"https:\\\/\\\/apropgestions.com\\\/wp-content\\\/uploads\\\/2023\\\/11\\\/Foto-rehabilitacio.jpg\",\"contentUrl\":\"https:\\\/\\\/apropgestions.com\\\/wp-content\\\/uploads\\\/2023\\\/11\\\/Foto-rehabilitacio.jpg\"},{\"@type\":\"BreadcrumbList\",\"@id\":\"https:\\\/\\\/apropgestions.com\\\/es\\\/servicios\\\/mantenimientos-y-reparaciones-de-comunidades\\\/#breadcrumb\",\"itemListElement\":[{\"@type\":\"ListItem\",\"position\":1,\"name\":\"Portada\",\"item\":\"https:\\\/\\\/apropgestions.com\\\/\"},{\"@type\":\"ListItem\",\"position\":2,\"name\":\"Servicios\",\"item\":\"https:\\\/\\\/apropgestions.com\\\/es\\\/servicios\\\/\"},{\"@type\":\"ListItem\",\"position\":3,\"name\":\"Mantenimientos y reparaciones de Comunidades\"}]},{\"@type\":\"WebSite\",\"@id\":\"https:\\\/\\\/apropgestions.com\\\/#website\",\"url\":\"https:\\\/\\\/apropgestions.com\\\/\",\"name\":\"Aprop Gestions\",\"description\":\"Portem la teva comunitat com ens agradaria que portessin la nostra\",\"publisher\":{\"@id\":\"https:\\\/\\\/apropgestions.com\\\/#organization\"},\"potentialAction\":[{\"@type\":\"SearchAction\",\"target\":{\"@type\":\"EntryPoint\",\"urlTemplate\":\"https:\\\/\\\/apropgestions.com\\\/?s={search_term_string}\"},\"query-input\":{\"@type\":\"PropertyValueSpecification\",\"valueRequired\":true,\"valueName\":\"search_term_string\"}}],\"inLanguage\":\"es\"},{\"@type\":\"Organization\",\"@id\":\"https:\\\/\\\/apropgestions.com\\\/#organization\",\"name\":\"Aprop Gestions\",\"url\":\"https:\\\/\\\/apropgestions.com\\\/\",\"logo\":{\"@type\":\"ImageObject\",\"inLanguage\":\"es\",\"@id\":\"https:\\\/\\\/apropgestions.com\\\/#\\\/schema\\\/logo\\\/image\\\/\",\"url\":\"https:\\\/\\\/apropgestions.com\\\/wp-content\\\/uploads\\\/2022\\\/07\\\/logo_aprop_gestions.png\",\"contentUrl\":\"https:\\\/\\\/apropgestions.com\\\/wp-content\\\/uploads\\\/2022\\\/07\\\/logo_aprop_gestions.png\",\"width\":290,\"height\":100,\"caption\":\"Aprop Gestions\"},\"image\":{\"@id\":\"https:\\\/\\\/apropgestions.com\\\/#\\\/schema\\\/logo\\\/image\\\/\"}}]}<\/script>\n<!-- \/ Yoast SEO plugin. -->","yoast_head_json":{"title":"Mantenimientos y reparaciones de Comunidades - Aprop Gestions","robots":{"index":"index","follow":"follow","max-snippet":"max-snippet:-1","max-image-preview":"max-image-preview:large","max-video-preview":"max-video-preview:-1"},"canonical":"https:\/\/apropgestions.com\/es\/servicios\/mantenimientos-y-reparaciones-de-comunidades\/","og_locale":"es_ES","og_type":"article","og_title":"Mantenimientos y reparaciones de Comunidades - Aprop Gestions","og_description":"Aprop le ofrece tambi\u00e9n servicio de mantenimiento de tu comunidad, de forma r\u00e1pida y eficaz. Buscamos los mejores productos para reparar las aver\u00edas m\u00e1s habituales en tu comunidad. Asimismo, tambi\u00e9n contamos con una cartera de profesionales especializados en cada \u00e1mbito por todo lo que pueda necesitar tu comunidad.","og_url":"https:\/\/apropgestions.com\/es\/servicios\/mantenimientos-y-reparaciones-de-comunidades\/","og_site_name":"Aprop Gestions","article_modified_time":"2024-02-27T11:16:44+00:00","og_image":[{"url":"https:\/\/apropgestions.com\/wp-content\/uploads\/2023\/11\/Foto-rehabilitacio.jpg","type":"","width":"","height":""}],"twitter_card":"summary_large_image","schema":{"@context":"https:\/\/schema.org","@graph":[{"@type":"WebPage","@id":"https:\/\/apropgestions.com\/es\/servicios\/mantenimientos-y-reparaciones-de-comunidades\/","url":"https:\/\/apropgestions.com\/es\/servicios\/mantenimientos-y-reparaciones-de-comunidades\/","name":"Mantenimientos y reparaciones de Comunidades - Aprop Gestions","isPartOf":{"@id":"https:\/\/apropgestions.com\/#website"},"primaryImageOfPage":{"@id":"https:\/\/apropgestions.com\/es\/servicios\/mantenimientos-y-reparaciones-de-comunidades\/#primaryimage"},"image":{"@id":"https:\/\/apropgestions.com\/es\/servicios\/mantenimientos-y-reparaciones-de-comunidades\/#primaryimage"},"thumbnailUrl":"https:\/\/apropgestions.com\/wp-content\/uploads\/2023\/11\/Foto-rehabilitacio.jpg","datePublished":"2022-07-13T10:56:55+00:00","dateModified":"2024-02-27T11:16:44+00:00","breadcrumb":{"@id":"https:\/\/apropgestions.com\/es\/servicios\/mantenimientos-y-reparaciones-de-comunidades\/#breadcrumb"},"inLanguage":"es","potentialAction":[{"@type":"ReadAction","target":["https:\/\/apropgestions.com\/es\/servicios\/mantenimientos-y-reparaciones-de-comunidades\/"]}]},{"@type":"ImageObject","inLanguage":"es","@id":"https:\/\/apropgestions.com\/es\/servicios\/mantenimientos-y-reparaciones-de-comunidades\/#primaryimage","url":"https:\/\/apropgestions.com\/wp-content\/uploads\/2023\/11\/Foto-rehabilitacio.jpg","contentUrl":"https:\/\/apropgestions.com\/wp-content\/uploads\/2023\/11\/Foto-rehabilitacio.jpg"},{"@type":"BreadcrumbList","@id":"https:\/\/apropgestions.com\/es\/servicios\/mantenimientos-y-reparaciones-de-comunidades\/#breadcrumb","itemListElement":[{"@type":"ListItem","position":1,"name":"Portada","item":"https:\/\/apropgestions.com\/"},{"@type":"ListItem","position":2,"name":"Servicios","item":"https:\/\/apropgestions.com\/es\/servicios\/"},{"@type":"ListItem","position":3,"name":"Mantenimientos y reparaciones de Comunidades"}]},{"@type":"WebSite","@id":"https:\/\/apropgestions.com\/#website","url":"https:\/\/apropgestions.com\/","name":"Aprop Gestions","description":"Portem la teva comunitat com ens agradaria que portessin la nostra","publisher":{"@id":"https:\/\/apropgestions.com\/#organization"},"potentialAction":[{"@type":"SearchAction","target":{"@type":"EntryPoint","urlTemplate":"https:\/\/apropgestions.com\/?s={search_term_string}"},"query-input":{"@type":"PropertyValueSpecification","valueRequired":true,"valueName":"search_term_string"}}],"inLanguage":"es"},{"@type":"Organization","@id":"https:\/\/apropgestions.com\/#organization","name":"Aprop Gestions","url":"https:\/\/apropgestions.com\/","logo":{"@type":"ImageObject","inLanguage":"es","@id":"https:\/\/apropgestions.com\/#\/schema\/logo\/image\/","url":"https:\/\/apropgestions.com\/wp-content\/uploads\/2022\/07\/logo_aprop_gestions.png","contentUrl":"https:\/\/apropgestions.com\/wp-content\/uploads\/2022\/07\/logo_aprop_gestions.png","width":290,"height":100,"caption":"Aprop Gestions"},"image":{"@id":"https:\/\/apropgestions.com\/#\/schema\/logo\/image\/"}}]}},"_links":{"self":[{"href":"https:\/\/apropgestions.com\/es\/wp-json\/wp\/v2\/pages\/951","targetHints":{"allow":["GET"]}}],"collection":[{"href":"https:\/\/apropgestions.com\/es\/wp-json\/wp\/v2\/pages"}],"about":[{"href":"https:\/\/apropgestions.com\/es\/wp-json\/wp\/v2\/types\/page"}],"author":[{"embeddable":true,"href":"https:\/\/apropgestions.com\/es\/wp-json\/wp\/v2\/users\/1"}],"replies":[{"embeddable":true,"href":"https:\/\/apropgestions.com\/es\/wp-json\/wp\/v2\/comments?post=951"}],"version-history":[{"count":1,"href":"https:\/\/apropgestions.com\/es\/wp-json\/wp\/v2\/pages\/951\/revisions"}],"predecessor-version":[{"id":953,"href":"https:\/\/apropgestions.com\/es\/wp-json\/wp\/v2\/pages\/951\/revisions\/953"}],"up":[{"embeddable":true,"href":"https:\/\/apropgestions.com\/es\/wp-json\/wp\/v2\/pages\/995"}],"wp:attachment":[{"href":"https:\/\/apropgestions.com\/es\/wp-json\/wp\/v2\/media?parent=951"}],"curies":[{"name":"wp","href":"https:\/\/api.w.org\/{rel}","templated":true}]}}