{"id":944,"date":"2022-07-13T10:55:02","date_gmt":"2022-07-13T10:55:02","guid":{"rendered":"https:\/\/apropgestions.com\/area-social-educativa-y-comunitaria\/"},"modified":"2024-02-27T14:47:10","modified_gmt":"2024-02-27T14:47:10","slug":"area-social-educativa-y-comunitaria","status":"publish","type":"page","link":"https:\/\/apropgestions.com\/es\/servicios\/area-social-educativa-y-comunitaria\/","title":{"rendered":"\u00c1rea Social, Educativa y Comunitaria"},"content":{"rendered":"\t\t<div data-elementor-type=\"wp-page\" data-elementor-id=\"944\" class=\"elementor elementor-944 elementor-73\" data-elementor-post-type=\"page\">\n\t\t\t\t\t\t<section class=\"elementor-section elementor-top-section elementor-element elementor-element-8f18bb5 elementor-section-full_width elementor-section-height-default elementor-section-height-default\" data-id=\"8f18bb5\" data-element_type=\"section\" data-e-type=\"section\">\n\t\t\t\t\t\t<div class=\"elementor-container elementor-column-gap-no\">\n\t\t\t\t\t<div class=\"elementor-column elementor-col-100 elementor-top-column elementor-element elementor-element-0c15792\" data-id=\"0c15792\" data-element_type=\"column\" data-e-type=\"column\">\n\t\t\t<div class=\"elementor-widget-wrap elementor-element-populated\">\n\t\t\t\t\t\t<div class=\"elementor-element elementor-element-2f3bb44 elementor-widget elementor-widget-image\" data-id=\"2f3bb44\" data-element_type=\"widget\" data-e-type=\"widget\" data-widget_type=\"image.default\">\n\t\t\t\t<div class=\"elementor-widget-container\">\n\t\t\t\t\t\t\t\t\t\t\t\t\t\t\t<img fetchpriority=\"high\" decoding=\"async\" width=\"1800\" height=\"500\" src=\"https:\/\/apropgestions.com\/wp-content\/uploads\/2024\/02\/Aprop-Gestions-area-social-educativa-i-comunitaria.jpg\" class=\"attachment-full size-full wp-image-824\" alt=\"\" srcset=\"https:\/\/apropgestions.com\/wp-content\/uploads\/2024\/02\/Aprop-Gestions-area-social-educativa-i-comunitaria.jpg 1800w, https:\/\/apropgestions.com\/wp-content\/uploads\/2024\/02\/Aprop-Gestions-area-social-educativa-i-comunitaria-300x83.jpg 300w, https:\/\/apropgestions.com\/wp-content\/uploads\/2024\/02\/Aprop-Gestions-area-social-educativa-i-comunitaria-1024x284.jpg 1024w, https:\/\/apropgestions.com\/wp-content\/uploads\/2024\/02\/Aprop-Gestions-area-social-educativa-i-comunitaria-768x213.jpg 768w, https:\/\/apropgestions.com\/wp-content\/uploads\/2024\/02\/Aprop-Gestions-area-social-educativa-i-comunitaria-1536x427.jpg 1536w\" sizes=\"(max-width: 1800px) 100vw, 1800px\" \/>\t\t\t\t\t\t\t\t\t\t\t\t\t\t\t<\/div>\n\t\t\t\t<\/div>\n\t\t\t\t\t<\/div>\n\t\t<\/div>\n\t\t\t\t\t<\/div>\n\t\t<\/section>\n\t\t\t\t<section class=\"elementor-section elementor-top-section elementor-element elementor-element-cecb717 elementor-section-boxed elementor-section-height-default elementor-section-height-default\" data-id=\"cecb717\" data-element_type=\"section\" data-e-type=\"section\">\n\t\t\t\t\t\t<div class=\"elementor-container elementor-column-gap-default\">\n\t\t\t\t\t<div class=\"elementor-column elementor-col-100 elementor-top-column elementor-element elementor-element-70eece3\" data-id=\"70eece3\" data-element_type=\"column\" data-e-type=\"column\">\n\t\t\t<div class=\"elementor-widget-wrap elementor-element-populated\">\n\t\t\t\t\t\t\t<\/div>\n\t\t<\/div>\n\t\t\t\t\t<\/div>\n\t\t<\/section>\n\t\t\t\t<section class=\"elementor-section elementor-top-section elementor-element elementor-element-fe8cbc1 elementor-section-boxed elementor-section-height-default elementor-section-height-default\" data-id=\"fe8cbc1\" data-element_type=\"section\" data-e-type=\"section\">\n\t\t\t\t\t\t<div class=\"elementor-container elementor-column-gap-default\">\n\t\t\t\t\t<div class=\"elementor-column elementor-col-100 elementor-top-column elementor-element elementor-element-be2ffdd\" data-id=\"be2ffdd\" data-element_type=\"column\" data-e-type=\"column\">\n\t\t\t<div class=\"elementor-widget-wrap elementor-element-populated\">\n\t\t\t\t\t\t<div class=\"elementor-element elementor-element-7ac7884 elementor-widget elementor-widget-text-editor\" data-id=\"7ac7884\" data-element_type=\"widget\" data-e-type=\"widget\" data-widget_type=\"text-editor.default\">\n\t\t\t\t<div class=\"elementor-widget-container\">\n\t\t\t\t\t\t\t\t\t<p>En Aprop, Gestions i Serveis S,L apostamos por la acci\u00f3n comunitaria y socioeducativa en red para transformar los contextos en los que trabajamos. Nuestra finalidad es conseguir una sociedad inclusiva, c\u00edvica, formada y solidaria.<\/p>\n<p>APROP proyecta sus acciones desde la visi\u00f3n de diferentes disciplinas que se incluyen en el \u00e1mbito social, educativo y comunitario, como la mediaci\u00f3n y resoluci\u00f3n alternativa de conflictos, la pedagog\u00eda y la acci\u00f3n sociocomunitaria. Creemos firmemente que las aportaciones te\u00f3rico-pr\u00e1cticas que se derivan, siempre complementadas con otras disciplinas, aportan una visi\u00f3n humanista imprescindible para el desarrollo individual y social de las personas con las que trabajamos.<br>Acci\u00f3n Comunitaria. Entendemos la acci\u00f3n comunitaria como pr\u00e1ctica natural en cualquier acci\u00f3n, ya que las personas siempre viven en comunidad (pueblos, ciudades, barrios, comunidades de propietarios&#8230;). El contexto social actual es din\u00e1mico y cambiante, lo que nos enriquece, siempre y cuando sepamos gestionar esta diversidad y complejidad. En este sentido, creemos que para poder transformar una realidad concreta es necesario trabajar elementos vitales como la socializaci\u00f3n, la participaci\u00f3n social, las acciones contra la exclusi\u00f3n social, el empoderamiento de las personas y la conciencia \u00e9tica social.<br>El objetivo principal de nuestras acciones comunitarias es promover la concienciaci\u00f3n de cada persona o grupo de personas sobre mejorar el lugar donde vivimos y formar parte activa de la evoluci\u00f3n de sus contextos. Por este motivo, impulsamos procesos que ayuden al desarrollo local- que mejoren las condiciones de vida de los vecinos y los empoderen- y que ayuden a prevenir y resolver situaciones conflictivas a favor de la convivencia ciudadana intercultural.<\/p>\t\t\t\t\t\t\t\t<\/div>\n\t\t\t\t<\/div>\n\t\t\t\t\t<\/div>\n\t\t<\/div>\n\t\t\t\t\t<\/div>\n\t\t<\/section>\n\t\t\t\t<section class=\"elementor-section elementor-top-section elementor-element elementor-element-862c4aa elementor-section-boxed elementor-section-height-default elementor-section-height-default\" data-id=\"862c4aa\" data-element_type=\"section\" data-e-type=\"section\">\n\t\t\t\t\t\t<div class=\"elementor-container elementor-column-gap-default\">\n\t\t\t\t\t<div class=\"elementor-column elementor-col-50 elementor-top-column elementor-element elementor-element-0d5b057\" data-id=\"0d5b057\" data-element_type=\"column\" data-e-type=\"column\">\n\t\t\t<div class=\"elementor-widget-wrap elementor-element-populated\">\n\t\t\t\t\t\t<div class=\"elementor-element elementor-element-5f87d7c elementor-widget elementor-widget-text-editor\" data-id=\"5f87d7c\" data-element_type=\"widget\" data-e-type=\"widget\" data-widget_type=\"text-editor.default\">\n\t\t\t\t<div class=\"elementor-widget-container\">\n\t\t\t\t\t\t\t\t\t<p>Resoluci\u00f3n Alternativa de Conflictos y Mediaci\u00f3n Comunitaria.<\/p>\n<p>El Servicio de Mediaci\u00f3n Comunitaria, nace de la inquietud por la investigaci\u00f3n de alternativas en la resoluci\u00f3n de problemas comunitarios de barrios, as\u00ed como de nuestra convicci\u00f3n por recuperar la responsabilidad colectiva del devenir de la sociedad en la que vivimos. Definimos la mediaci\u00f3n como una estrategia y recurso que favorece la comunicaci\u00f3n y promueve un cambio constructivo frente a personas culturalmente diversas y que mantienen entre s\u00ed relaciones conflictivas dentro de su misma comunidad o contexto m\u00e1s cercano.<\/p>\n<p>Proponemos un modelo de resoluci\u00f3n alternativa de conflictos que propicia el acercamiento de las partes, la comunicaci\u00f3n, la comprensi\u00f3n mutua, el aprendizaje y el desarrollo de la convivencia, la formaci\u00f3n, y la participaci\u00f3n individual y comunitaria de las personas, a fin de acompa\u00f1arlas a la resoluci\u00f3n de los conflictos.  <br \/>Entendemos el t\u00e9rmino conflicto como un tipo de relaci\u00f3n entre personas o grupos de personas caracterizado por la oposici\u00f3n entre ellas, por mantener posturas percibidas inicialmente como incompatibles entre s\u00ed. Desde el punto de vista de la mediaci\u00f3n comunitaria, el conflicto se ve como un reto y motor de cambio, y no como un problema, ya que creemos que es una oportunidad para el desarrollo individual y comunitario.  <\/p>\n<p>En este sentido, no planteamos la resoluci\u00f3n del conflicto en s\u00ed misma, planteamos m\u00e1s bien el aprendizaje de su gesti\u00f3n como transformaci\u00f3n y mejora social.<\/p>\n\t\t\t\t\t\t\t\t<\/div>\n\t\t\t\t<\/div>\n\t\t\t\t\t<\/div>\n\t\t<\/div>\n\t\t\t\t<div class=\"elementor-column elementor-col-50 elementor-top-column elementor-element elementor-element-6bf07bf\" data-id=\"6bf07bf\" data-element_type=\"column\" data-e-type=\"column\">\n\t\t\t<div class=\"elementor-widget-wrap elementor-element-populated\">\n\t\t\t\t\t\t<div class=\"elementor-element elementor-element-e6d9202 elementor-widget elementor-widget-text-editor\" data-id=\"e6d9202\" data-element_type=\"widget\" data-e-type=\"widget\" data-widget_type=\"text-editor.default\">\n\t\t\t\t<div class=\"elementor-widget-container\">\n\t\t\t\t\t\t\t\t\t<p>Pedagog\u00eda. En el \u00c1rea Educativa y Formativa, dise\u00f1amos el marco normativo pedag\u00f3gico en el que enfocamos nuestras acciones educativas y formativas.<\/p>\n<p>Entendemos el t\u00e9rmino educaci\u00f3n como un fen\u00f3meno de nuestra sociedad que utilizamos con el fin de desarrollar y formar la capacidad intelectual, moral y afectiva de los individuos que viven en una comunidad.  <\/p>\n<p>Entendemos la pedagog\u00eda como el marco normativo en el que englobamos nuestros proyectos educativos y formativos. Nos permite planificar, organizar, gestionar y evaluar nuestras acciones educativas y nuestros procesos de ense\u00f1anza-aprendizaje.<\/p>\n<p>Nuestro modelo parte de una metodolog\u00eda activa y pr\u00e1ctica, cooperativa, basada en el di\u00e1logo y que pretende educar en valores individuales y sociales. En definitiva, apostamos por una formaci\u00f3n adaptada a las necesidades y complejidades del siglo XXI, y al nuevo contexto global, interconectado y l\u00edquido.<\/p>\n<p>A trav\u00e9s de todas estas disciplinas dise\u00f1amos nuestros proyectos con el objetivo de transformar los contextos en los que trabajamos, siempre ofreciendo un servicio de calidad que motive y cumpla las expectativas y objetivos de las demandas que se nos encargan, con un equipo multidisciplinar , experto y hol\u00edstico para realizar cualquier acci\u00f3n de manera integral.<\/p>\n\t\t\t\t\t\t\t\t<\/div>\n\t\t\t\t<\/div>\n\t\t\t\t\t<\/div>\n\t\t<\/div>\n\t\t\t\t\t<\/div>\n\t\t<\/section>\n\t\t\t\t<section class=\"elementor-section elementor-top-section elementor-element elementor-element-c8b143c elementor-section-boxed elementor-section-height-default elementor-section-height-default\" data-id=\"c8b143c\" data-element_type=\"section\" data-e-type=\"section\">\n\t\t\t\t\t\t<div class=\"elementor-container elementor-column-gap-default\">\n\t\t\t\t\t<div class=\"elementor-column elementor-col-100 elementor-top-column elementor-element elementor-element-333b461\" data-id=\"333b461\" data-element_type=\"column\" data-e-type=\"column\">\n\t\t\t<div class=\"elementor-widget-wrap elementor-element-populated\">\n\t\t\t\t\t\t<div class=\"elementor-element elementor-element-7776992 elementor-widget elementor-widget-image\" data-id=\"7776992\" data-element_type=\"widget\" data-e-type=\"widget\" data-widget_type=\"image.default\">\n\t\t\t\t<div class=\"elementor-widget-container\">\n\t\t\t\t\t\t\t\t\t\t\t\t\t\t\t<img decoding=\"async\" width=\"1024\" height=\"576\" src=\"https:\/\/apropgestions.com\/wp-content\/uploads\/2023\/11\/foto-formacio-1-1024x576.jpg\" class=\"attachment-large size-large wp-image-585\" alt=\"\" srcset=\"https:\/\/apropgestions.com\/wp-content\/uploads\/2023\/11\/foto-formacio-1-1024x576.jpg 1024w, https:\/\/apropgestions.com\/wp-content\/uploads\/2023\/11\/foto-formacio-1-300x169.jpg 300w, https:\/\/apropgestions.com\/wp-content\/uploads\/2023\/11\/foto-formacio-1-768x432.jpg 768w, https:\/\/apropgestions.com\/wp-content\/uploads\/2023\/11\/foto-formacio-1-1536x864.jpg 1536w, https:\/\/apropgestions.com\/wp-content\/uploads\/2023\/11\/foto-formacio-1.jpg 1600w\" sizes=\"(max-width: 1024px) 100vw, 1024px\" \/>\t\t\t\t\t\t\t\t\t\t\t\t\t\t\t<\/div>\n\t\t\t\t<\/div>\n\t\t\t\t\t<\/div>\n\t\t<\/div>\n\t\t\t\t\t<\/div>\n\t\t<\/section>\n\t\t\t\t<\/div>\n\t\t","protected":false},"excerpt":{"rendered":"<p>En Aprop, Gestions i Serveis S,L apostamos por la acci\u00f3n comunitaria y socioeducativa en red para transformar los contextos en los que trabajamos. Nuestra finalidad es conseguir una sociedad inclusiva, c\u00edvica, formada y solidaria. APROP proyecta sus acciones desde la visi\u00f3n de diferentes disciplinas que se incluyen en el \u00e1mbito social, educativo y comunitario, como &#8230; <a title=\"\u00c1rea Social, Educativa y Comunitaria\" class=\"read-more\" href=\"https:\/\/apropgestions.com\/es\/servicios\/area-social-educativa-y-comunitaria\/\" aria-label=\"Leer m\u00e1s sobre \u00c1rea Social, Educativa y Comunitaria\">Leer m\u00e1s<\/a><\/p>\n","protected":false},"author":1,"featured_media":0,"parent":995,"menu_order":0,"comment_status":"closed","ping_status":"closed","template":"","meta":{"footnotes":""},"class_list":["post-944","page","type-page","status-publish"],"yoast_head":"<!-- This site is optimized with the Yoast SEO plugin v27.3 - https:\/\/yoast.com\/product\/yoast-seo-wordpress\/ -->\n<title>\u00c1rea Social, Educativa y Comunitaria - Aprop Gestions<\/title>\n<meta name=\"robots\" content=\"index, follow, max-snippet:-1, max-image-preview:large, max-video-preview:-1\" \/>\n<link rel=\"canonical\" href=\"https:\/\/apropgestions.com\/es\/servicios\/area-social-educativa-y-comunitaria\/\" \/>\n<meta property=\"og:locale\" content=\"es_ES\" \/>\n<meta property=\"og:type\" content=\"article\" \/>\n<meta property=\"og:title\" content=\"\u00c1rea Social, Educativa y Comunitaria - Aprop Gestions\" \/>\n<meta property=\"og:description\" content=\"En Aprop, Gestions i Serveis S,L apostamos por la acci\u00f3n comunitaria y socioeducativa en red para transformar los contextos en los que trabajamos. Nuestra finalidad es conseguir una sociedad inclusiva, c\u00edvica, formada y solidaria. APROP proyecta sus acciones desde la visi\u00f3n de diferentes disciplinas que se incluyen en el \u00e1mbito social, educativo y comunitario, como ... Leer m\u00e1s\" \/>\n<meta property=\"og:url\" content=\"https:\/\/apropgestions.com\/es\/servicios\/area-social-educativa-y-comunitaria\/\" \/>\n<meta property=\"og:site_name\" content=\"Aprop Gestions\" \/>\n<meta property=\"article:modified_time\" content=\"2024-02-27T14:47:10+00:00\" \/>\n<meta property=\"og:image\" content=\"https:\/\/apropgestions.com\/wp-content\/uploads\/2024\/02\/Aprop-Gestions-area-social-educativa-i-comunitaria.jpg\" \/>\n<meta name=\"twitter:card\" content=\"summary_large_image\" \/>\n<meta name=\"twitter:label1\" content=\"Tiempo de lectura\" \/>\n\t<meta name=\"twitter:data1\" content=\"4 minutos\" \/>\n<script type=\"application\/ld+json\" class=\"yoast-schema-graph\">{\"@context\":\"https:\\\/\\\/schema.org\",\"@graph\":[{\"@type\":\"WebPage\",\"@id\":\"https:\\\/\\\/apropgestions.com\\\/es\\\/servicios\\\/area-social-educativa-y-comunitaria\\\/\",\"url\":\"https:\\\/\\\/apropgestions.com\\\/es\\\/servicios\\\/area-social-educativa-y-comunitaria\\\/\",\"name\":\"\u00c1rea Social, Educativa y Comunitaria - Aprop Gestions\",\"isPartOf\":{\"@id\":\"https:\\\/\\\/apropgestions.com\\\/#website\"},\"primaryImageOfPage\":{\"@id\":\"https:\\\/\\\/apropgestions.com\\\/es\\\/servicios\\\/area-social-educativa-y-comunitaria\\\/#primaryimage\"},\"image\":{\"@id\":\"https:\\\/\\\/apropgestions.com\\\/es\\\/servicios\\\/area-social-educativa-y-comunitaria\\\/#primaryimage\"},\"thumbnailUrl\":\"https:\\\/\\\/apropgestions.com\\\/wp-content\\\/uploads\\\/2024\\\/02\\\/Aprop-Gestions-area-social-educativa-i-comunitaria.jpg\",\"datePublished\":\"2022-07-13T10:55:02+00:00\",\"dateModified\":\"2024-02-27T14:47:10+00:00\",\"breadcrumb\":{\"@id\":\"https:\\\/\\\/apropgestions.com\\\/es\\\/servicios\\\/area-social-educativa-y-comunitaria\\\/#breadcrumb\"},\"inLanguage\":\"es\",\"potentialAction\":[{\"@type\":\"ReadAction\",\"target\":[\"https:\\\/\\\/apropgestions.com\\\/es\\\/servicios\\\/area-social-educativa-y-comunitaria\\\/\"]}]},{\"@type\":\"ImageObject\",\"inLanguage\":\"es\",\"@id\":\"https:\\\/\\\/apropgestions.com\\\/es\\\/servicios\\\/area-social-educativa-y-comunitaria\\\/#primaryimage\",\"url\":\"https:\\\/\\\/apropgestions.com\\\/wp-content\\\/uploads\\\/2024\\\/02\\\/Aprop-Gestions-area-social-educativa-i-comunitaria.jpg\",\"contentUrl\":\"https:\\\/\\\/apropgestions.com\\\/wp-content\\\/uploads\\\/2024\\\/02\\\/Aprop-Gestions-area-social-educativa-i-comunitaria.jpg\"},{\"@type\":\"BreadcrumbList\",\"@id\":\"https:\\\/\\\/apropgestions.com\\\/es\\\/servicios\\\/area-social-educativa-y-comunitaria\\\/#breadcrumb\",\"itemListElement\":[{\"@type\":\"ListItem\",\"position\":1,\"name\":\"Portada\",\"item\":\"https:\\\/\\\/apropgestions.com\\\/\"},{\"@type\":\"ListItem\",\"position\":2,\"name\":\"Servicios\",\"item\":\"https:\\\/\\\/apropgestions.com\\\/es\\\/servicios\\\/\"},{\"@type\":\"ListItem\",\"position\":3,\"name\":\"\u00c1rea Social, Educativa y Comunitaria\"}]},{\"@type\":\"WebSite\",\"@id\":\"https:\\\/\\\/apropgestions.com\\\/#website\",\"url\":\"https:\\\/\\\/apropgestions.com\\\/\",\"name\":\"Aprop Gestions\",\"description\":\"Portem la teva comunitat com ens agradaria que portessin la nostra\",\"publisher\":{\"@id\":\"https:\\\/\\\/apropgestions.com\\\/#organization\"},\"potentialAction\":[{\"@type\":\"SearchAction\",\"target\":{\"@type\":\"EntryPoint\",\"urlTemplate\":\"https:\\\/\\\/apropgestions.com\\\/?s={search_term_string}\"},\"query-input\":{\"@type\":\"PropertyValueSpecification\",\"valueRequired\":true,\"valueName\":\"search_term_string\"}}],\"inLanguage\":\"es\"},{\"@type\":\"Organization\",\"@id\":\"https:\\\/\\\/apropgestions.com\\\/#organization\",\"name\":\"Aprop Gestions\",\"url\":\"https:\\\/\\\/apropgestions.com\\\/\",\"logo\":{\"@type\":\"ImageObject\",\"inLanguage\":\"es\",\"@id\":\"https:\\\/\\\/apropgestions.com\\\/#\\\/schema\\\/logo\\\/image\\\/\",\"url\":\"https:\\\/\\\/apropgestions.com\\\/wp-content\\\/uploads\\\/2022\\\/07\\\/logo_aprop_gestions.png\",\"contentUrl\":\"https:\\\/\\\/apropgestions.com\\\/wp-content\\\/uploads\\\/2022\\\/07\\\/logo_aprop_gestions.png\",\"width\":290,\"height\":100,\"caption\":\"Aprop Gestions\"},\"image\":{\"@id\":\"https:\\\/\\\/apropgestions.com\\\/#\\\/schema\\\/logo\\\/image\\\/\"}}]}<\/script>\n<!-- \/ Yoast SEO plugin. -->","yoast_head_json":{"title":"\u00c1rea Social, Educativa y Comunitaria - Aprop Gestions","robots":{"index":"index","follow":"follow","max-snippet":"max-snippet:-1","max-image-preview":"max-image-preview:large","max-video-preview":"max-video-preview:-1"},"canonical":"https:\/\/apropgestions.com\/es\/servicios\/area-social-educativa-y-comunitaria\/","og_locale":"es_ES","og_type":"article","og_title":"\u00c1rea Social, Educativa y Comunitaria - Aprop Gestions","og_description":"En Aprop, Gestions i Serveis S,L apostamos por la acci\u00f3n comunitaria y socioeducativa en red para transformar los contextos en los que trabajamos. Nuestra finalidad es conseguir una sociedad inclusiva, c\u00edvica, formada y solidaria. APROP proyecta sus acciones desde la visi\u00f3n de diferentes disciplinas que se incluyen en el \u00e1mbito social, educativo y comunitario, como ... Leer m\u00e1s","og_url":"https:\/\/apropgestions.com\/es\/servicios\/area-social-educativa-y-comunitaria\/","og_site_name":"Aprop Gestions","article_modified_time":"2024-02-27T14:47:10+00:00","og_image":[{"url":"https:\/\/apropgestions.com\/wp-content\/uploads\/2024\/02\/Aprop-Gestions-area-social-educativa-i-comunitaria.jpg","type":"","width":"","height":""}],"twitter_card":"summary_large_image","twitter_misc":{"Tiempo de lectura":"4 minutos"},"schema":{"@context":"https:\/\/schema.org","@graph":[{"@type":"WebPage","@id":"https:\/\/apropgestions.com\/es\/servicios\/area-social-educativa-y-comunitaria\/","url":"https:\/\/apropgestions.com\/es\/servicios\/area-social-educativa-y-comunitaria\/","name":"\u00c1rea Social, Educativa y Comunitaria - Aprop Gestions","isPartOf":{"@id":"https:\/\/apropgestions.com\/#website"},"primaryImageOfPage":{"@id":"https:\/\/apropgestions.com\/es\/servicios\/area-social-educativa-y-comunitaria\/#primaryimage"},"image":{"@id":"https:\/\/apropgestions.com\/es\/servicios\/area-social-educativa-y-comunitaria\/#primaryimage"},"thumbnailUrl":"https:\/\/apropgestions.com\/wp-content\/uploads\/2024\/02\/Aprop-Gestions-area-social-educativa-i-comunitaria.jpg","datePublished":"2022-07-13T10:55:02+00:00","dateModified":"2024-02-27T14:47:10+00:00","breadcrumb":{"@id":"https:\/\/apropgestions.com\/es\/servicios\/area-social-educativa-y-comunitaria\/#breadcrumb"},"inLanguage":"es","potentialAction":[{"@type":"ReadAction","target":["https:\/\/apropgestions.com\/es\/servicios\/area-social-educativa-y-comunitaria\/"]}]},{"@type":"ImageObject","inLanguage":"es","@id":"https:\/\/apropgestions.com\/es\/servicios\/area-social-educativa-y-comunitaria\/#primaryimage","url":"https:\/\/apropgestions.com\/wp-content\/uploads\/2024\/02\/Aprop-Gestions-area-social-educativa-i-comunitaria.jpg","contentUrl":"https:\/\/apropgestions.com\/wp-content\/uploads\/2024\/02\/Aprop-Gestions-area-social-educativa-i-comunitaria.jpg"},{"@type":"BreadcrumbList","@id":"https:\/\/apropgestions.com\/es\/servicios\/area-social-educativa-y-comunitaria\/#breadcrumb","itemListElement":[{"@type":"ListItem","position":1,"name":"Portada","item":"https:\/\/apropgestions.com\/"},{"@type":"ListItem","position":2,"name":"Servicios","item":"https:\/\/apropgestions.com\/es\/servicios\/"},{"@type":"ListItem","position":3,"name":"\u00c1rea Social, Educativa y Comunitaria"}]},{"@type":"WebSite","@id":"https:\/\/apropgestions.com\/#website","url":"https:\/\/apropgestions.com\/","name":"Aprop Gestions","description":"Portem la teva comunitat com ens agradaria que portessin la nostra","publisher":{"@id":"https:\/\/apropgestions.com\/#organization"},"potentialAction":[{"@type":"SearchAction","target":{"@type":"EntryPoint","urlTemplate":"https:\/\/apropgestions.com\/?s={search_term_string}"},"query-input":{"@type":"PropertyValueSpecification","valueRequired":true,"valueName":"search_term_string"}}],"inLanguage":"es"},{"@type":"Organization","@id":"https:\/\/apropgestions.com\/#organization","name":"Aprop Gestions","url":"https:\/\/apropgestions.com\/","logo":{"@type":"ImageObject","inLanguage":"es","@id":"https:\/\/apropgestions.com\/#\/schema\/logo\/image\/","url":"https:\/\/apropgestions.com\/wp-content\/uploads\/2022\/07\/logo_aprop_gestions.png","contentUrl":"https:\/\/apropgestions.com\/wp-content\/uploads\/2022\/07\/logo_aprop_gestions.png","width":290,"height":100,"caption":"Aprop Gestions"},"image":{"@id":"https:\/\/apropgestions.com\/#\/schema\/logo\/image\/"}}]}},"_links":{"self":[{"href":"https:\/\/apropgestions.com\/es\/wp-json\/wp\/v2\/pages\/944","targetHints":{"allow":["GET"]}}],"collection":[{"href":"https:\/\/apropgestions.com\/es\/wp-json\/wp\/v2\/pages"}],"about":[{"href":"https:\/\/apropgestions.com\/es\/wp-json\/wp\/v2\/types\/page"}],"author":[{"embeddable":true,"href":"https:\/\/apropgestions.com\/es\/wp-json\/wp\/v2\/users\/1"}],"replies":[{"embeddable":true,"href":"https:\/\/apropgestions.com\/es\/wp-json\/wp\/v2\/comments?post=944"}],"version-history":[{"count":4,"href":"https:\/\/apropgestions.com\/es\/wp-json\/wp\/v2\/pages\/944\/revisions"}],"predecessor-version":[{"id":1026,"href":"https:\/\/apropgestions.com\/es\/wp-json\/wp\/v2\/pages\/944\/revisions\/1026"}],"up":[{"embeddable":true,"href":"https:\/\/apropgestions.com\/es\/wp-json\/wp\/v2\/pages\/995"}],"wp:attachment":[{"href":"https:\/\/apropgestions.com\/es\/wp-json\/wp\/v2\/media?parent=944"}],"curies":[{"name":"wp","href":"https:\/\/api.w.org\/{rel}","templated":true}]}}